{"id":21548,"date":"2024-11-26T20:57:38","date_gmt":"2024-11-26T19:57:38","guid":{"rendered":"https:\/\/enelyashop.com\/?post_type=product&#038;p=21548"},"modified":"2025-01-30T00:44:01","modified_gmt":"2025-01-29T23:44:01","slug":"parfum-pour-elle-avec-30-essence-100-ml-9","status":"publish","type":"product","link":"https:\/\/enelyashop.com\/fr\/produit\/parfum-pour-elle-avec-30-essence-100-ml-9\/","title":{"rendered":"042 Parfum Pour Elle avec l'essence 30% - 100 ml"},"content":{"rendered":"","protected":false},"excerpt":{"rendered":"<p class=\"text-justify\">Une essence qui \u00e9voque la gr\u00e2ce, la lumi\u00e8re et la libert\u00e9, d\u00e9di\u00e9e \u00e0 une femme intelligente, \u00e9rudite et charmante. Un parfum qui est l'incarnation m\u00eame du sourire. Une \u00e9tincelle de vie n\u00e9e et destin\u00e9e aux femmes sophistiqu\u00e9es.<\/p>\n<p><strong>Pyramide olfactive<\/strong><\/p>\n<ul>\n<li>Note de t\u00eate : cassis, poire<\/li>\n<li>Note de c\u0153ur : Iris, Jasmin, Fleur d'oranger<\/li>\n<li>Note de fond : Patchouli, Praline, F\u00e8ve Tonka, Vanille<\/li>\n<\/ul>\n<p><img loading=\"lazy\" decoding=\"async\" class=\"alignleft size-full wp-image-22318\" src=\"https:\/\/enelyashop.com\/wp-content\/uploads\/2024\/11\/Ekran-Resmi-2024-11-30-06.26.41.png\" alt=\"\" width=\"1022\" height=\"710\" srcset=\"https:\/\/enelyashop.com\/wp-content\/uploads\/2024\/11\/Ekran-Resmi-2024-11-30-06.26.41.png 1022w, https:\/\/enelyashop.com\/wp-content\/uploads\/2024\/11\/Ekran-Resmi-2024-11-30-06.26.41-300x208.png 300w, https:\/\/enelyashop.com\/wp-content\/uploads\/2024\/11\/Ekran-Resmi-2024-11-30-06.26.41-768x534.png 768w, https:\/\/enelyashop.com\/wp-content\/uploads\/2024\/11\/Ekran-Resmi-2024-11-30-06.26.41-18x12.png 18w, https:\/\/enelyashop.com\/wp-content\/uploads\/2024\/11\/Ekran-Resmi-2024-11-30-06.26.41-750x521.png 750w, https:\/\/enelyashop.com\/wp-content\/uploads\/2024\/11\/Ekran-Resmi-2024-11-30-06.26.41-540x375.png 540w, https:\/\/enelyashop.com\/wp-content\/uploads\/2024\/11\/Ekran-Resmi-2024-11-30-06.26.41-1000x695.png 1000w, https:\/\/enelyashop.com\/wp-content\/uploads\/2024\/11\/Ekran-Resmi-2024-11-30-06.26.41-100x69.png 100w\" sizes=\"auto, (max-width: 1022px) 100vw, 1022px\" \/><\/p>","protected":false},"featured_media":22270,"template":"elementor_theme","meta":{"_joinchat":[]},"product_brand":[],"product_cat":[66,69],"product_tag":[],"class_list":{"0":"post-21548","1":"product","2":"type-product","3":"status-publish","4":"has-post-thumbnail","6":"product_cat-perfume","7":"product_cat-woman","8":"pa_ml-100ml","9":"pa_ml-35ml","12":"instock","13":"shipping-taxable","14":"purchasable","15":"product-type-variable","16":"has-default-attributes","17":"product-grid-view"},"_links":{"self":[{"href":"https:\/\/enelyashop.com\/fr\/wp-json\/wp\/v2\/product\/21548","targetHints":{"allow":["GET"]}}],"collection":[{"href":"https:\/\/enelyashop.com\/fr\/wp-json\/wp\/v2\/product"}],"about":[{"href":"https:\/\/enelyashop.com\/fr\/wp-json\/wp\/v2\/types\/product"}],"version-history":[{"count":4,"href":"https:\/\/enelyashop.com\/fr\/wp-json\/wp\/v2\/product\/21548\/revisions"}],"predecessor-version":[{"id":22435,"href":"https:\/\/enelyashop.com\/fr\/wp-json\/wp\/v2\/product\/21548\/revisions\/22435"}],"wp:featuredmedia":[{"embeddable":true,"href":"https:\/\/enelyashop.com\/fr\/wp-json\/wp\/v2\/media\/22270"}],"wp:attachment":[{"href":"https:\/\/enelyashop.com\/fr\/wp-json\/wp\/v2\/media?parent=21548"}],"wp:term":[{"taxonomy":"product_brand","embeddable":true,"href":"https:\/\/enelyashop.com\/fr\/wp-json\/wp\/v2\/product_brand?post=21548"},{"taxonomy":"product_cat","embeddable":true,"href":"https:\/\/enelyashop.com\/fr\/wp-json\/wp\/v2\/product_cat?post=21548"},{"taxonomy":"product_tag","embeddable":true,"href":"https:\/\/enelyashop.com\/fr\/wp-json\/wp\/v2\/product_tag?post=21548"}],"curies":[{"name":"wp","href":"https:\/\/api.w.org\/{rel}","templated":true}]}}