{"id":21155,"date":"2020-06-05T05:18:46","date_gmt":"2020-06-05T05:18:46","guid":{"rendered":"http:\/\/iva1stg.wpenginepowered.com\/home-copy\/"},"modified":"2025-01-29T23:10:27","modified_gmt":"2025-01-29T22:10:27","slug":"domicile-2","status":"publish","type":"page","link":"https:\/\/enelyashop.com\/fr","title":{"rendered":"Accueil"},"content":{"rendered":"<div data-elementor-type=\"wp-page\" data-elementor-id=\"21155\" class=\"elementor elementor-21155\" data-elementor-post-type=\"page\">\n\t\t\t\t<header class=\"elementor-element elementor-element-c83daa2 e-con-full e-flex e-con e-parent\" data-id=\"c83daa2\" data-element_type=\"container\" data-e-type=\"container\" data-settings=\"{&quot;jet_parallax_layout_list&quot;:[]}\">\n\t\t\t\t<div class=\"elementor-element elementor-element-24397f8 elementor-widget__width-auto elementor-widget elementor-widget-dt-logo\" data-id=\"24397f8\" data-element_type=\"widget\" data-e-type=\"widget\" data-widget_type=\"dt-logo.default\">\n\t\t\t\t<div class=\"elementor-widget-container\">\n\t\t\t\t\t<div id=\"dt-24397f8\" class=\"dt-logo-container logo-align-left\">  <a href=\"https:\/\/enelyashop.com\/fr\/\" rel=\"home\"><img loading=\"lazy\" decoding=\"async\" width=\"1200\" height=\"1200\" src=\"https:\/\/enelyashop.com\/wp-content\/uploads\/2025\/01\/Adsiz-tasarim-1.png\" class=\"attachment-full size-full\" alt=\"\" srcset=\"https:\/\/enelyashop.com\/wp-content\/uploads\/2025\/01\/Adsiz-tasarim-1.png 1200w, https:\/\/enelyashop.com\/wp-content\/uploads\/2025\/01\/Adsiz-tasarim-1-300x300.png 300w, https:\/\/enelyashop.com\/wp-content\/uploads\/2025\/01\/Adsiz-tasarim-1-1024x1024.png 1024w, https:\/\/enelyashop.com\/wp-content\/uploads\/2025\/01\/Adsiz-tasarim-1-150x150.png 150w, https:\/\/enelyashop.com\/wp-content\/uploads\/2025\/01\/Adsiz-tasarim-1-768x768.png 768w, https:\/\/enelyashop.com\/wp-content\/uploads\/2025\/01\/Adsiz-tasarim-1-12x12.png 12w, https:\/\/enelyashop.com\/wp-content\/uploads\/2025\/01\/Adsiz-tasarim-1-450x450.png 450w, https:\/\/enelyashop.com\/wp-content\/uploads\/2025\/01\/Adsiz-tasarim-1-420x420.png 420w, https:\/\/enelyashop.com\/wp-content\/uploads\/2025\/01\/Adsiz-tasarim-1-750x750.png 750w, https:\/\/enelyashop.com\/wp-content\/uploads\/2025\/01\/Adsiz-tasarim-1-540x540.png 540w, https:\/\/enelyashop.com\/wp-content\/uploads\/2025\/01\/Adsiz-tasarim-1-1000x1000.png 1000w, https:\/\/enelyashop.com\/wp-content\/uploads\/2025\/01\/Adsiz-tasarim-1-100x100.png 100w\" sizes=\"auto, (max-width: 1200px) 100vw, 1200px\" \/><\/a><\/div>\t\t\t\t<\/div>\n\t\t\t\t<\/div>\n\t\t\t\t<div class=\"elementor-element elementor-element-ea71668 elementor-widget-mobile__width-inherit elementor-widget__width-auto elementor-widget elementor-widget-dt-header-icons\" data-id=\"ea71668\" data-element_type=\"widget\" data-e-type=\"widget\" data-widget_type=\"dt-header-icons.default\">\n\t\t\t\t<div class=\"elementor-widget-container\">\n\t\t\t\t\t<div class=\"dt-sc-header-icons-list\"><div class=\"dt-sc-header-icons-list-item cart-item\"><div class=\"dt-sc-shop-menu-icon\"><a href=\"https:\/\/enelyashop.com\/fr\/chariot\/\"><span class=\"dt-sc-shop-menu-icon-wrapper\"><span class=\"dt-sc-shop-menu-cart-inner\"><span class=\"dt-sc-shop-menu-cart-icon\"><\/span><span class=\"dt-sc-shop-menu-cart-number\">0<\/span><\/span><span class=\"dt-sc-shop-menu-cart-totals\"><\/span><\/span><\/a><\/div><\/div><div class=\"dt-sc-header-icons-list-item search-item\"><div class=\"dt-sc-search-menu-icon\"><a href=\"javascript:void(0)\" class=\"dt-sc-search-icon\"><span class=\"fas fa-search\"><\/span><\/a><div class=\"dt-sc-search-form-container\"><form method=\"get\" id=\"searchform\" action=\"https:\/\/enelyashop.com\/fr\/\" data-trp-original-action=\"https:\/\/enelyashop.com\/fr\/\">\n    <input id=\"s\" name=\"s\" type=\"text\" \n         \tvalue=\"Enter Keyword\" class=\"text_input\"\n\t\t    onblur=\"if(this.value==''){this.value='Enter Keyword';}\"\n            onfocus=\"if(this.value =='Enter Keyword') {this.value=''; }\" \/>\n\t<input name=\"submit\" type=\"submit\"  value=\"Aller\" \/>\n<input type=\"hidden\" name=\"trp-form-language\" value=\"fr\"\/><\/form><\/div><\/div><\/div><\/div>\t\t\t\t<\/div>\n\t\t\t\t<\/div>\n\t\t\t\t<div class=\"elementor-element elementor-element-b646738 elementor-align-center elementor-widget elementor-widget-dt-header-menu\" data-id=\"b646738\" data-element_type=\"widget\" data-e-type=\"widget\" data-widget_type=\"dt-header-menu.default\">\n\t\t\t\t<div class=\"elementor-widget-container\">\n\t\t\t\t\t<div class=\"dt-header-menu\" data-menu=\"26\"><div class=\"menu-container\"><ul id=\"menu-header-menu\" class=\"dt-primary-nav\" data-menu=\"26\"> <li class=\"close-nav\"><\/li> <li id=\"menu-item-156\" class=\"menu-item menu-item-type-custom menu-item-object-custom menu-item-156 menu-item-depth-0\"><a href=\"https:\/\/enelyashop.com\/fr\"><span>Accueil<\/span><\/a><\/li>\n<li id=\"menu-item-21603\" class=\"menu-item menu-item-type-taxonomy menu-item-object-product_cat menu-item-has-children menu-item-21603 menu-item-depth-0\"><a href=\"https:\/\/enelyashop.com\/fr\/categorie-produit\/parfum\/\"><span>Parfums<\/span><\/a>\n<ul class=\"sub-menu is-hidden\">\n<li class=\"close-nav\"><\/li><li class=\"go-back\"><a href=\"javascript:void(0);\"><\/a><\/li><li class=\"see-all\"><\/li>\t<li id=\"menu-item-22045\" class=\"menu-item menu-item-type-taxonomy menu-item-object-product_cat menu-item-22045 menu-item-depth-1\"><a href=\"https:\/\/enelyashop.com\/fr\/categorie-produit\/parfum\/femme\/\"><span>Femme<\/span><\/a><\/li>\n\t<li id=\"menu-item-22046\" class=\"menu-item menu-item-type-taxonomy menu-item-object-product_cat menu-item-22046 menu-item-depth-1\"><a href=\"https:\/\/enelyashop.com\/fr\/categorie-produit\/parfum\/homme\/\"><span>L'homme<\/span><\/a><\/li>\n\t<li id=\"menu-item-22048\" class=\"menu-item menu-item-type-taxonomy menu-item-object-product_cat menu-item-22048 menu-item-depth-1\"><a href=\"https:\/\/enelyashop.com\/fr\/categorie-produit\/parfum\/unisexe\/\"><span>Unisexe<\/span><\/a><\/li>\n\t<li id=\"menu-item-22047\" class=\"menu-item menu-item-type-taxonomy menu-item-object-product_cat menu-item-22047 menu-item-depth-1\"><a href=\"https:\/\/enelyashop.com\/fr\/categorie-produit\/parfum\/luxe\/\"><span>Luxe<\/span><\/a><\/li>\n<\/ul>\n<\/li>\n<li id=\"menu-item-22032\" class=\"menu-item menu-item-type-taxonomy menu-item-object-product_cat menu-item-22032 menu-item-depth-0\"><a href=\"https:\/\/enelyashop.com\/fr\/categorie-produit\/diffuseurs-de-parfum-dambiance\/\"><span>Parfum d'ambiance<\/span><\/a><\/li>\n<li id=\"menu-item-20560\" class=\"menu-item menu-item-type-post_type menu-item-object-page menu-item-20560 menu-item-depth-0\"><a href=\"https:\/\/enelyashop.com\/fr\/contact-2\/\"><span>Contact<\/span><\/a><\/li>\n <\/ul> <div class=\"sub-menu-overlay\"><\/div><\/div><div class=\"mobile-nav-container mobile-nav-offcanvas-right\" data-menu=\"26\"><div class=\"menu-trigger menu-trigger-icon\" data-menu=\"26\"><i><\/i><span>Menu<\/span><\/div><div class=\"mobile-menu\" data-menu=\"26\"><\/div><div class=\"overlay\"><\/div><\/div><\/div>\t\t\t\t<\/div>\n\t\t\t\t<\/div>\n\t\t\t\t<\/header>\n\t\t<div class=\"elementor-element elementor-element-ca6ddf2 e-flex e-con-boxed e-con e-parent\" data-id=\"ca6ddf2\" data-element_type=\"container\" data-e-type=\"container\" data-settings=\"{&quot;jet_parallax_layout_list&quot;:[]}\">\n\t\t\t\t\t<div class=\"e-con-inner\">\n\t\t\t\t<div class=\"elementor-element elementor-element-b93c02b elementor-widget elementor-widget-image\" data-id=\"b93c02b\" data-element_type=\"widget\" data-e-type=\"widget\" data-widget_type=\"image.default\">\n\t\t\t\t\t\t\t\t\t\t\t\t\t\t\t<img loading=\"lazy\" decoding=\"async\" width=\"1024\" height=\"863\" src=\"https:\/\/enelyashop.com\/wp-content\/uploads\/2025\/01\/first-1024x863.png\" class=\"attachment-large size-large wp-image-22634\" alt=\"\" srcset=\"https:\/\/enelyashop.com\/wp-content\/uploads\/2025\/01\/first-1024x863.png 1024w, https:\/\/enelyashop.com\/wp-content\/uploads\/2025\/01\/first-300x253.png 300w, https:\/\/enelyashop.com\/wp-content\/uploads\/2025\/01\/first-768x647.png 768w, https:\/\/enelyashop.com\/wp-content\/uploads\/2025\/01\/first-1536x1294.png 1536w, https:\/\/enelyashop.com\/wp-content\/uploads\/2025\/01\/first-2048x1726.png 2048w, https:\/\/enelyashop.com\/wp-content\/uploads\/2025\/01\/first-14x12.png 14w, https:\/\/enelyashop.com\/wp-content\/uploads\/2025\/01\/first-570x480.png 570w, https:\/\/enelyashop.com\/wp-content\/uploads\/2025\/01\/first-750x632.png 750w, https:\/\/enelyashop.com\/wp-content\/uploads\/2025\/01\/first-540x455.png 540w, https:\/\/enelyashop.com\/wp-content\/uploads\/2025\/01\/first-1000x843.png 1000w, https:\/\/enelyashop.com\/wp-content\/uploads\/2025\/01\/first-100x84.png 100w\" sizes=\"auto, (max-width: 1024px) 100vw, 1024px\" \/>\t\t\t\t\t\t\t\t\t\t\t\t\t\t\t<\/div>\n\t\t\t\t\t<\/div>\n\t\t\t\t<\/div>\n\t\t<div class=\"elementor-element elementor-element-76ecec3 e-flex e-con-boxed e-con e-parent\" data-id=\"76ecec3\" data-element_type=\"container\" data-e-type=\"container\" data-settings=\"{&quot;jet_parallax_layout_list&quot;:[]}\">\n\t\t\t\t\t<div class=\"e-con-inner\">\n\t\t\t\t<div class=\"elementor-element elementor-element-cc90ce5 elementor-widget-divider--view-line elementor-widget elementor-widget-divider\" data-id=\"cc90ce5\" data-element_type=\"widget\" data-e-type=\"widget\" data-widget_type=\"divider.default\">\n\t\t\t\t\t\t\t<div class=\"elementor-divider\">\n\t\t\t<span class=\"elementor-divider-separator\">\n\t\t\t\t\t\t<\/span>\n\t\t<\/div>\n\t\t\t\t\t\t<\/div>\n\t\t\t\t\t<\/div>\n\t\t\t\t<\/div>\n\t\t<div class=\"elementor-element elementor-element-ed85316 e-flex e-con-boxed e-con e-parent\" data-id=\"ed85316\" data-element_type=\"container\" data-e-type=\"container\" data-settings=\"{&quot;jet_parallax_layout_list&quot;:[]}\">\n\t\t\t\t\t<div class=\"e-con-inner\">\n\t\t<div class=\"elementor-element elementor-element-f772a97 e-con-full e-flex e-con e-child\" data-id=\"f772a97\" data-element_type=\"container\" data-e-type=\"container\" data-settings=\"{&quot;jet_parallax_layout_list&quot;:[]}\">\n\t\t\t\t<div class=\"elementor-element elementor-element-33b5d98 elementor-widget__width-initial elementor-widget elementor-widget-text-editor\" data-id=\"33b5d98\" data-element_type=\"widget\" data-e-type=\"widget\" data-widget_type=\"text-editor.default\">\n\t\t\t\t\t\t\t\t\t<h6 style=\"text-align: left;\"><strong>Les parfums sont le langage des \u00e9motions et des souvenirs, un \u00e9l\u00e9ment essentiel du style personnel.<br \/><\/strong><b>Le parfum n'est pas un simple accessoire, c'est une signature distinctive qui refl\u00e8te le caract\u00e8re de chacun. Cette boutique rassemble des parfums de luxe et de qualit\u00e9 soigneusement s\u00e9lectionn\u00e9s pour ceux qui souhaitent parfaire cette signature.<br \/><\/b><b>Notre objectif est d'offrir non seulement un produit mais aussi une exp\u00e9rience. Chaque parfum vous fera voyager gr\u00e2ce \u00e0 son histoire unique. Inspir\u00e9s par des styles \u00e0 la fois modernes et classiques, nous pr\u00e9sentons une riche vari\u00e9t\u00e9 de produits.<br \/><\/b><b>Dans notre magasin, nous accordons de l'importance non seulement aux parfums, mais aussi \u00e0 la satisfaction du client et \u00e0 une exp\u00e9rience d'achat unique. Nous sommes l\u00e0 pour vous aider \u00e0 d\u00e9couvrir le parfum de vos r\u00eaves.<br \/><\/b><b>C'est avec plaisir que nous vous accompagnons dans ce voyage. En souhaitant laisser des impressions inoubliables \u00e0 chaque respiration...<\/b><\/h6>\t\t\t\t\t\t\t\t<\/div>\n\t\t\t\t<\/div>\n\t\t\t\t\t<\/div>\n\t\t\t\t<\/div>\n\t\t<div class=\"elementor-element elementor-element-d07fe6a e-con-full e-flex e-con e-parent\" data-id=\"d07fe6a\" data-element_type=\"container\" data-e-type=\"container\" data-settings=\"{&quot;jet_parallax_layout_list&quot;:[]}\">\n\t\t<div class=\"elementor-element elementor-element-9457571 e-con-full e-flex e-con e-child\" data-id=\"9457571\" data-element_type=\"container\" data-e-type=\"container\" data-settings=\"{&quot;jet_parallax_layout_list&quot;:[]}\">\n\t\t\t\t<div class=\"elementor-element elementor-element-6dd9e03 elementor-widget__width-initial elementor-widget elementor-widget-image\" data-id=\"6dd9e03\" data-element_type=\"widget\" data-e-type=\"widget\" data-widget_type=\"image.default\">\n\t\t\t\t\t\t\t\t\t\t\t\t<figure class=\"wp-caption\">\n\t\t\t\t\t\t\t\t\t\t\t<a href=\"https:\/\/enelyashop.com\/fr\/categorie-produit\/parfum\/femme\/\">\n\t\t\t\t\t\t\t<img loading=\"lazy\" decoding=\"async\" width=\"1000\" height=\"1000\" src=\"https:\/\/enelyashop.com\/wp-content\/uploads\/2025\/01\/2a-1000x1000.png\" class=\"attachment-woocommerce_thumbnail size-woocommerce_thumbnail wp-image-22620\" alt=\"\" srcset=\"https:\/\/enelyashop.com\/wp-content\/uploads\/2025\/01\/2a-1000x1000.png 1000w, https:\/\/enelyashop.com\/wp-content\/uploads\/2025\/01\/2a-150x150.png 150w, https:\/\/enelyashop.com\/wp-content\/uploads\/2025\/01\/2a-450x450.png 450w, https:\/\/enelyashop.com\/wp-content\/uploads\/2025\/01\/2a-420x420.png 420w\" sizes=\"auto, (max-width: 1000px) 100vw, 1000px\" \/>\t\t\t\t\t\t\t\t<\/a>\n\t\t\t\t\t\t\t\t\t\t\t<figcaption class=\"widget-image-caption wp-caption-text\">Damen <\/figcaption>\n\t\t\t\t\t\t\t\t\t\t<\/figure>\n\t\t\t\t\t\t\t\t\t<\/div>\n\t\t\t\t<\/div>\n\t\t<div class=\"elementor-element elementor-element-8ad63c1 e-con-full e-flex e-con e-child\" data-id=\"8ad63c1\" data-element_type=\"container\" data-e-type=\"container\" data-settings=\"{&quot;jet_parallax_layout_list&quot;:[]}\">\n\t\t\t\t<div class=\"elementor-element elementor-element-97887eb elementor-widget__width-initial elementor-widget elementor-widget-image\" data-id=\"97887eb\" data-element_type=\"widget\" data-e-type=\"widget\" data-widget_type=\"image.default\">\n\t\t\t\t\t\t\t\t\t\t\t\t<figure class=\"wp-caption\">\n\t\t\t\t\t\t\t\t\t\t\t<a href=\"https:\/\/enelyashop.com\/fr\/categorie-produit\/parfum\/luxe\/\">\n\t\t\t\t\t\t\t<img loading=\"lazy\" decoding=\"async\" width=\"1000\" height=\"1000\" src=\"https:\/\/enelyashop.com\/wp-content\/uploads\/2025\/01\/3a-1000x1000.png\" class=\"attachment-woocommerce_thumbnail size-woocommerce_thumbnail wp-image-22621\" alt=\"\" srcset=\"https:\/\/enelyashop.com\/wp-content\/uploads\/2025\/01\/3a-1000x1000.png 1000w, https:\/\/enelyashop.com\/wp-content\/uploads\/2025\/01\/3a-150x150.png 150w, https:\/\/enelyashop.com\/wp-content\/uploads\/2025\/01\/3a-450x450.png 450w, https:\/\/enelyashop.com\/wp-content\/uploads\/2025\/01\/3a-420x420.png 420w\" sizes=\"auto, (max-width: 1000px) 100vw, 1000px\" \/>\t\t\t\t\t\t\t\t<\/a>\n\t\t\t\t\t\t\t\t\t\t\t<figcaption class=\"widget-image-caption wp-caption-text\">Luxe<\/figcaption>\n\t\t\t\t\t\t\t\t\t\t<\/figure>\n\t\t\t\t\t\t\t\t\t<\/div>\n\t\t\t\t<\/div>\n\t\t<div class=\"elementor-element elementor-element-d2c56b8 e-con-full e-flex e-con e-child\" data-id=\"d2c56b8\" data-element_type=\"container\" data-e-type=\"container\" data-settings=\"{&quot;jet_parallax_layout_list&quot;:[]}\">\n\t\t\t\t<div class=\"elementor-element elementor-element-1c28cef elementor-widget__width-initial elementor-widget elementor-widget-image\" data-id=\"1c28cef\" data-element_type=\"widget\" data-e-type=\"widget\" data-widget_type=\"image.default\">\n\t\t\t\t\t\t\t\t\t\t\t\t<figure class=\"wp-caption\">\n\t\t\t\t\t\t\t\t\t\t\t<a href=\"https:\/\/enelyashop.com\/fr\/categorie-produit\/parfum\/homme\/\">\n\t\t\t\t\t\t\t<img loading=\"lazy\" decoding=\"async\" width=\"1000\" height=\"1000\" src=\"https:\/\/enelyashop.com\/wp-content\/uploads\/2025\/01\/4a-1000x1000.png\" class=\"attachment-woocommerce_thumbnail size-woocommerce_thumbnail wp-image-22622\" alt=\"\" srcset=\"https:\/\/enelyashop.com\/wp-content\/uploads\/2025\/01\/4a-1000x1000.png 1000w, https:\/\/enelyashop.com\/wp-content\/uploads\/2025\/01\/4a-150x150.png 150w, https:\/\/enelyashop.com\/wp-content\/uploads\/2025\/01\/4a-450x450.png 450w, https:\/\/enelyashop.com\/wp-content\/uploads\/2025\/01\/4a-420x420.png 420w\" sizes=\"auto, (max-width: 1000px) 100vw, 1000px\" \/>\t\t\t\t\t\t\t\t<\/a>\n\t\t\t\t\t\t\t\t\t\t\t<figcaption class=\"widget-image-caption wp-caption-text\">Herren <\/figcaption>\n\t\t\t\t\t\t\t\t\t\t<\/figure>\n\t\t\t\t\t\t\t\t\t<\/div>\n\t\t\t\t<\/div>\n\t\t<div class=\"elementor-element elementor-element-8efef04 e-con-full e-flex e-con e-child\" data-id=\"8efef04\" data-element_type=\"container\" data-e-type=\"container\" data-settings=\"{&quot;jet_parallax_layout_list&quot;:[]}\">\n\t\t\t\t<div class=\"elementor-element elementor-element-44e5d6b elementor-widget__width-initial elementor-widget elementor-widget-image\" data-id=\"44e5d6b\" data-element_type=\"widget\" data-e-type=\"widget\" data-widget_type=\"image.default\">\n\t\t\t\t\t\t\t\t\t\t\t\t<figure class=\"wp-caption\">\n\t\t\t\t\t\t\t\t\t\t\t<a href=\"https:\/\/enelyashop.com\/fr\/categorie-produit\/parfum\/unisexe\/\">\n\t\t\t\t\t\t\t<img loading=\"lazy\" decoding=\"async\" width=\"1000\" height=\"1000\" src=\"https:\/\/enelyashop.com\/wp-content\/uploads\/2025\/01\/erkek-1000x1000.jpg\" class=\"attachment-woocommerce_thumbnail size-woocommerce_thumbnail wp-image-22568\" alt=\"\" srcset=\"https:\/\/enelyashop.com\/wp-content\/uploads\/2025\/01\/erkek-1000x1000.jpg 1000w, https:\/\/enelyashop.com\/wp-content\/uploads\/2025\/01\/erkek-150x150.jpg 150w, https:\/\/enelyashop.com\/wp-content\/uploads\/2025\/01\/erkek-450x450.jpg 450w, https:\/\/enelyashop.com\/wp-content\/uploads\/2025\/01\/erkek-420x420.jpg 420w\" sizes=\"auto, (max-width: 1000px) 100vw, 1000px\" \/>\t\t\t\t\t\t\t\t<\/a>\n\t\t\t\t\t\t\t\t\t\t\t<figcaption class=\"widget-image-caption wp-caption-text\">Unisexe<\/figcaption>\n\t\t\t\t\t\t\t\t\t\t<\/figure>\n\t\t\t\t\t\t\t\t\t<\/div>\n\t\t\t\t<\/div>\n\t\t<div class=\"elementor-element elementor-element-8536a7b e-con-full e-flex e-con e-child\" data-id=\"8536a7b\" data-element_type=\"container\" data-e-type=\"container\" data-settings=\"{&quot;jet_parallax_layout_list&quot;:[]}\">\n\t\t\t\t<div class=\"elementor-element elementor-element-989cb9f elementor-widget__width-initial elementor-widget elementor-widget-image\" data-id=\"989cb9f\" data-element_type=\"widget\" data-e-type=\"widget\" data-widget_type=\"image.default\">\n\t\t\t\t\t\t\t\t\t\t\t\t<figure class=\"wp-caption\">\n\t\t\t\t\t\t\t\t\t\t\t<a href=\"https:\/\/enelyashop.com\/fr\/categorie-produit\/diffuseurs-de-parfum-dambiance\/\">\n\t\t\t\t\t\t\t<img loading=\"lazy\" decoding=\"async\" width=\"1000\" height=\"1000\" src=\"https:\/\/enelyashop.com\/wp-content\/uploads\/2025\/01\/5a-1000x1000.png\" class=\"attachment-woocommerce_thumbnail size-woocommerce_thumbnail wp-image-22623\" alt=\"\" srcset=\"https:\/\/enelyashop.com\/wp-content\/uploads\/2025\/01\/5a-1000x1000.png 1000w, https:\/\/enelyashop.com\/wp-content\/uploads\/2025\/01\/5a-150x150.png 150w, https:\/\/enelyashop.com\/wp-content\/uploads\/2025\/01\/5a-450x450.png 450w, https:\/\/enelyashop.com\/wp-content\/uploads\/2025\/01\/5a-420x420.png 420w\" sizes=\"auto, (max-width: 1000px) 100vw, 1000px\" \/>\t\t\t\t\t\t\t\t<\/a>\n\t\t\t\t\t\t\t\t\t\t\t<figcaption class=\"widget-image-caption wp-caption-text\">Raumduft <\/figcaption>\n\t\t\t\t\t\t\t\t\t\t<\/figure>\n\t\t\t\t\t\t\t\t\t<\/div>\n\t\t\t\t<\/div>\n\t\t\t\t<\/div>\n\t\t<div class=\"elementor-element elementor-element-c11c4bb e-flex e-con-boxed e-con e-parent\" data-id=\"c11c4bb\" data-element_type=\"container\" data-e-type=\"container\" data-settings=\"{&quot;jet_parallax_layout_list&quot;:[]}\">\n\t\t\t\t\t<div class=\"e-con-inner\">\n\t\t\t\t<div class=\"elementor-element elementor-element-e2eada4 elementor-widget-divider--view-line elementor-widget elementor-widget-divider\" data-id=\"e2eada4\" data-element_type=\"widget\" data-e-type=\"widget\" data-widget_type=\"divider.default\">\n\t\t\t\t\t\t\t<div class=\"elementor-divider\">\n\t\t\t<span class=\"elementor-divider-separator\">\n\t\t\t\t\t\t<\/span>\n\t\t<\/div>\n\t\t\t\t\t\t<\/div>\n\t\t\t\t\t<\/div>\n\t\t\t\t<\/div>\n\t\t\t\t<\/div>","protected":false},"excerpt":{"rendered":"<p>0 Home Perfumes Woman Man Unisex Luxury Room Fragrance Contact Menu Fragrances are the language of emotions and memories, an essential part of personal style.Perfume is not just an accessory; it is a distinctive signature that reflects one&#8217;s character. This store brings together carefully selected luxury and high-quality perfumes for those who wish to perfect [&hellip;]<\/p>\n","protected":false},"author":2,"featured_media":0,"parent":0,"menu_order":0,"comment_status":"closed","ping_status":"closed","template":"","meta":{"_joinchat":[],"footnotes":""},"class_list":["post-21155","page","type-page","status-publish","hentry"],"_links":{"self":[{"href":"https:\/\/enelyashop.com\/fr\/wp-json\/wp\/v2\/pages\/21155","targetHints":{"allow":["GET"]}}],"collection":[{"href":"https:\/\/enelyashop.com\/fr\/wp-json\/wp\/v2\/pages"}],"about":[{"href":"https:\/\/enelyashop.com\/fr\/wp-json\/wp\/v2\/types\/page"}],"author":[{"embeddable":true,"href":"https:\/\/enelyashop.com\/fr\/wp-json\/wp\/v2\/users\/2"}],"replies":[{"embeddable":true,"href":"https:\/\/enelyashop.com\/fr\/wp-json\/wp\/v2\/comments?post=21155"}],"version-history":[{"count":548,"href":"https:\/\/enelyashop.com\/fr\/wp-json\/wp\/v2\/pages\/21155\/revisions"}],"predecessor-version":[{"id":23436,"href":"https:\/\/enelyashop.com\/fr\/wp-json\/wp\/v2\/pages\/21155\/revisions\/23436"}],"wp:attachment":[{"href":"https:\/\/enelyashop.com\/fr\/wp-json\/wp\/v2\/media?parent=21155"}],"curies":[{"name":"wp","href":"https:\/\/api.w.org\/{rel}","templated":true}]}}