{"id":22180,"date":"2024-11-28T20:18:49","date_gmt":"2024-11-28T19:18:49","guid":{"rendered":"https:\/\/enelyashop.com\/?post_type=product&#038;p=22180"},"modified":"2025-01-14T01:23:31","modified_gmt":"2025-01-14T00:23:31","slug":"cop0021-cooperativa-profumieri-raumduft-diffusor-rote-fruchte-herz-100-ml","status":"publish","type":"product","link":"https:\/\/enelyashop.com\/de\/produkt\/cop0021-cooperativa-profumieri-raumduft-diffusor-rote-fruchte-herz-100-ml\/","title":{"rendered":"COP0021 \"Cooperativa Profumieri\" - Raumduft Diffusor | Red Fruit Heart - 100 ml"},"content":{"rendered":"","protected":false},"excerpt":{"rendered":"<p class=\"mb-2\">Aus der Sensibilit\u00e4t und Kreativit\u00e4t unserer erfahrenen Parf\u00fcmeure entstehen Raumd\u00fcfte, die den Geist verzaubern und die Sinne verf\u00fchren.<\/p>\n<p class=\"mb-2\">Parf\u00fcmeure sind Meister in der Kreation von D\u00fcften, einer alten Kunst aus dem Orient.<br \/>\nParf\u00fcmeure werden auch \"Komponisten\" genannt, die Duftnoten wie Musiknoten kombinieren und unvergessliche Duftsinfonien schaffen.<\/p>\n<p class=\"mb-2\">Die D\u00fcfte der Cooperativa Profumieri verbreiten sich in den R\u00e4umen wie Musik, kitzeln die Phantasie mit ihren lebhafteren Noten und verf\u00fchren den Geruchssinn mit ihren w\u00e4rmeren, intensiveren Noten.<\/p>","protected":false},"featured_media":22584,"template":"elementor_theme","meta":{"_joinchat":[]},"product_brand":[],"product_cat":[66,163],"product_tag":[],"class_list":{"0":"post-22180","1":"product","2":"type-product","3":"status-publish","4":"has-post-thumbnail","6":"product_cat-perfume","7":"product_cat-room-fragrance-diffusers","10":"instock","11":"shipping-taxable","12":"purchasable","13":"product-type-simple","14":"product-grid-view"},"_links":{"self":[{"href":"https:\/\/enelyashop.com\/de\/wp-json\/wp\/v2\/product\/22180","targetHints":{"allow":["GET"]}}],"collection":[{"href":"https:\/\/enelyashop.com\/de\/wp-json\/wp\/v2\/product"}],"about":[{"href":"https:\/\/enelyashop.com\/de\/wp-json\/wp\/v2\/types\/product"}],"version-history":[{"count":2,"href":"https:\/\/enelyashop.com\/de\/wp-json\/wp\/v2\/product\/22180\/revisions"}],"predecessor-version":[{"id":22379,"href":"https:\/\/enelyashop.com\/de\/wp-json\/wp\/v2\/product\/22180\/revisions\/22379"}],"wp:featuredmedia":[{"embeddable":true,"href":"https:\/\/enelyashop.com\/de\/wp-json\/wp\/v2\/media\/22584"}],"wp:attachment":[{"href":"https:\/\/enelyashop.com\/de\/wp-json\/wp\/v2\/media?parent=22180"}],"wp:term":[{"taxonomy":"product_brand","embeddable":true,"href":"https:\/\/enelyashop.com\/de\/wp-json\/wp\/v2\/product_brand?post=22180"},{"taxonomy":"product_cat","embeddable":true,"href":"https:\/\/enelyashop.com\/de\/wp-json\/wp\/v2\/product_cat?post=22180"},{"taxonomy":"product_tag","embeddable":true,"href":"https:\/\/enelyashop.com\/de\/wp-json\/wp\/v2\/product_tag?post=22180"}],"curies":[{"name":"wp","href":"https:\/\/api.w.org\/{rel}","templated":true}]}}