{"id":21914,"date":"2024-11-28T01:19:44","date_gmt":"2024-11-28T00:19:44","guid":{"rendered":"https:\/\/enelyashop.com\/?post_type=product&#038;p=21914"},"modified":"2025-01-30T02:06:06","modified_gmt":"2025-01-30T01:06:06","slug":"140-parfum-fur-ihn-mit-30-essenzen-100-ml","status":"publish","type":"product","link":"https:\/\/enelyashop.com\/de\/produkt\/140-parfum-fur-ihn-mit-30-essenzen-100-ml\/","title":{"rendered":"140 Parf\u00fcm f\u00fcr ihn mit 30% Essenz - 100 ml"},"content":{"rendered":"","protected":false},"excerpt":{"rendered":"<p class=\"text-justify\">Ein Duft mit entscheidender Frische, der mit seinen aromatischen Noten Kraft und Leidenschaft ausdr\u00fcckt. Perfekt f\u00fcr den Mann, der nicht unbemerkt bleiben will, umh\u00fcllt er seinen Tr\u00e4ger mit einer sinnlichen und m\u00e4nnlichen Aura.<\/p>\n<p><strong>Geruchspyramide<\/strong><\/p>\n<ul>\n<li>Kopfnote: Gr\u00fcner Apfel, Zitrone, Minze<\/li>\n<li>Herznote: Ambroxan, Geranie, Tonkabohne<\/li>\n<li>Basisnote: Zedernholz, Eichenmoos, Vanille, Vetiver<\/li>\n<\/ul>\n<p><img loading=\"lazy\" decoding=\"async\" class=\"alignleft size-full wp-image-22350\" src=\"https:\/\/enelyashop.com\/wp-content\/uploads\/2024\/11\/Ekran-Resmi-2024-11-30-06.50.43.png\" alt=\"\" width=\"1056\" height=\"700\" srcset=\"https:\/\/enelyashop.com\/wp-content\/uploads\/2024\/11\/Ekran-Resmi-2024-11-30-06.50.43.png 1056w, https:\/\/enelyashop.com\/wp-content\/uploads\/2024\/11\/Ekran-Resmi-2024-11-30-06.50.43-300x199.png 300w, https:\/\/enelyashop.com\/wp-content\/uploads\/2024\/11\/Ekran-Resmi-2024-11-30-06.50.43-1024x679.png 1024w, https:\/\/enelyashop.com\/wp-content\/uploads\/2024\/11\/Ekran-Resmi-2024-11-30-06.50.43-768x509.png 768w, https:\/\/enelyashop.com\/wp-content\/uploads\/2024\/11\/Ekran-Resmi-2024-11-30-06.50.43-18x12.png 18w, https:\/\/enelyashop.com\/wp-content\/uploads\/2024\/11\/Ekran-Resmi-2024-11-30-06.50.43-750x497.png 750w, https:\/\/enelyashop.com\/wp-content\/uploads\/2024\/11\/Ekran-Resmi-2024-11-30-06.50.43-540x358.png 540w, https:\/\/enelyashop.com\/wp-content\/uploads\/2024\/11\/Ekran-Resmi-2024-11-30-06.50.43-1000x663.png 1000w, https:\/\/enelyashop.com\/wp-content\/uploads\/2024\/11\/Ekran-Resmi-2024-11-30-06.50.43-100x66.png 100w\" sizes=\"auto, (max-width: 1056px) 100vw, 1056px\" \/><\/p>","protected":false},"featured_media":22264,"template":"elementor_theme","meta":{"_joinchat":[]},"product_brand":[],"product_cat":[70,66],"product_tag":[],"class_list":{"0":"post-21914","1":"product","2":"type-product","3":"status-publish","4":"has-post-thumbnail","6":"product_cat-man","7":"product_cat-perfume","8":"pa_ml-100ml","9":"pa_ml-35ml","12":"instock","13":"shipping-taxable","14":"purchasable","15":"product-type-variable","16":"has-default-attributes","17":"product-grid-view"},"_links":{"self":[{"href":"https:\/\/enelyashop.com\/de\/wp-json\/wp\/v2\/product\/21914","targetHints":{"allow":["GET"]}}],"collection":[{"href":"https:\/\/enelyashop.com\/de\/wp-json\/wp\/v2\/product"}],"about":[{"href":"https:\/\/enelyashop.com\/de\/wp-json\/wp\/v2\/types\/product"}],"version-history":[{"count":7,"href":"https:\/\/enelyashop.com\/de\/wp-json\/wp\/v2\/product\/21914\/revisions"}],"predecessor-version":[{"id":22386,"href":"https:\/\/enelyashop.com\/de\/wp-json\/wp\/v2\/product\/21914\/revisions\/22386"}],"wp:featuredmedia":[{"embeddable":true,"href":"https:\/\/enelyashop.com\/de\/wp-json\/wp\/v2\/media\/22264"}],"wp:attachment":[{"href":"https:\/\/enelyashop.com\/de\/wp-json\/wp\/v2\/media?parent=21914"}],"wp:term":[{"taxonomy":"product_brand","embeddable":true,"href":"https:\/\/enelyashop.com\/de\/wp-json\/wp\/v2\/product_brand?post=21914"},{"taxonomy":"product_cat","embeddable":true,"href":"https:\/\/enelyashop.com\/de\/wp-json\/wp\/v2\/product_cat?post=21914"},{"taxonomy":"product_tag","embeddable":true,"href":"https:\/\/enelyashop.com\/de\/wp-json\/wp\/v2\/product_tag?post=21914"}],"curies":[{"name":"wp","href":"https:\/\/api.w.org\/{rel}","templated":true}]}}