{"id":21799,"date":"2024-11-27T17:20:33","date_gmt":"2024-11-27T16:20:33","guid":{"rendered":"https:\/\/enelyashop.com\/?post_type=product&#038;p=21799"},"modified":"2025-01-19T01:30:33","modified_gmt":"2025-01-19T00:30:33","slug":"unisex-parfum-mit-30-essenzen-100-ml-5","status":"publish","type":"product","link":"https:\/\/enelyashop.com\/de\/produkt\/unisex-parfum-mit-30-essenzen-100-ml-5\/","title":{"rendered":"142 Unisex-Parf\u00fcm mit 30%-Essenz - 100 ml"},"content":{"rendered":"","protected":false},"excerpt":{"rendered":"<p class=\"text-justify\">Ein intensives und eindrucksvolles Unisex-Parf\u00fcm, das die wilde Seele der amerikanischen Grenze und den freien Geist einsamer Cowboys mit einem Hauch von Leder umschlie\u00dft. Kraftvoll und ausdauernd, ist es f\u00fcr starke M\u00e4nner und Frauen, die furchtlos das Leben und ihre Grenzen erkunden.<\/p>\n<p><strong>Geruchspyramide<\/strong><\/p>\n<ul>\n<li>Kopfnote: Kardamom<\/li>\n<li>Herznote: Jasmin, Leder<\/li>\n<li>Basisnote: Amber, Moos, Patchouli<\/li>\n<\/ul>\n<p><img loading=\"lazy\" decoding=\"async\" class=\"alignleft size-full wp-image-22336\" src=\"https:\/\/enelyashop.com\/wp-content\/uploads\/2024\/11\/Ekran-Resmi-2024-11-30-06.35.50.png\" alt=\"\" width=\"1068\" height=\"712\" srcset=\"https:\/\/enelyashop.com\/wp-content\/uploads\/2024\/11\/Ekran-Resmi-2024-11-30-06.35.50.png 1068w, https:\/\/enelyashop.com\/wp-content\/uploads\/2024\/11\/Ekran-Resmi-2024-11-30-06.35.50-300x200.png 300w, https:\/\/enelyashop.com\/wp-content\/uploads\/2024\/11\/Ekran-Resmi-2024-11-30-06.35.50-1024x683.png 1024w, https:\/\/enelyashop.com\/wp-content\/uploads\/2024\/11\/Ekran-Resmi-2024-11-30-06.35.50-768x512.png 768w, https:\/\/enelyashop.com\/wp-content\/uploads\/2024\/11\/Ekran-Resmi-2024-11-30-06.35.50-18x12.png 18w, https:\/\/enelyashop.com\/wp-content\/uploads\/2024\/11\/Ekran-Resmi-2024-11-30-06.35.50-600x400.png 600w, https:\/\/enelyashop.com\/wp-content\/uploads\/2024\/11\/Ekran-Resmi-2024-11-30-06.35.50-750x500.png 750w, https:\/\/enelyashop.com\/wp-content\/uploads\/2024\/11\/Ekran-Resmi-2024-11-30-06.35.50-540x360.png 540w, https:\/\/enelyashop.com\/wp-content\/uploads\/2024\/11\/Ekran-Resmi-2024-11-30-06.35.50-1000x667.png 1000w, https:\/\/enelyashop.com\/wp-content\/uploads\/2024\/11\/Ekran-Resmi-2024-11-30-06.35.50-100x67.png 100w\" sizes=\"auto, (max-width: 1068px) 100vw, 1068px\" \/><\/p>","protected":false},"featured_media":22264,"template":"elementor_theme","meta":{"_joinchat":[]},"product_brand":[],"product_cat":[66,71],"product_tag":[],"class_list":{"0":"post-21799","1":"product","2":"type-product","3":"status-publish","4":"has-post-thumbnail","6":"product_cat-perfume","7":"product_cat-unisex","10":"instock","11":"shipping-taxable","12":"purchasable","13":"product-type-simple","14":"product-grid-view"},"_links":{"self":[{"href":"https:\/\/enelyashop.com\/de\/wp-json\/wp\/v2\/product\/21799","targetHints":{"allow":["GET"]}}],"collection":[{"href":"https:\/\/enelyashop.com\/de\/wp-json\/wp\/v2\/product"}],"about":[{"href":"https:\/\/enelyashop.com\/de\/wp-json\/wp\/v2\/types\/product"}],"version-history":[{"count":4,"href":"https:\/\/enelyashop.com\/de\/wp-json\/wp\/v2\/product\/21799\/revisions"}],"predecessor-version":[{"id":22391,"href":"https:\/\/enelyashop.com\/de\/wp-json\/wp\/v2\/product\/21799\/revisions\/22391"}],"wp:featuredmedia":[{"embeddable":true,"href":"https:\/\/enelyashop.com\/de\/wp-json\/wp\/v2\/media\/22264"}],"wp:attachment":[{"href":"https:\/\/enelyashop.com\/de\/wp-json\/wp\/v2\/media?parent=21799"}],"wp:term":[{"taxonomy":"product_brand","embeddable":true,"href":"https:\/\/enelyashop.com\/de\/wp-json\/wp\/v2\/product_brand?post=21799"},{"taxonomy":"product_cat","embeddable":true,"href":"https:\/\/enelyashop.com\/de\/wp-json\/wp\/v2\/product_cat?post=21799"},{"taxonomy":"product_tag","embeddable":true,"href":"https:\/\/enelyashop.com\/de\/wp-json\/wp\/v2\/product_tag?post=21799"}],"curies":[{"name":"wp","href":"https:\/\/api.w.org\/{rel}","templated":true}]}}