{"id":21793,"date":"2024-11-27T17:15:30","date_gmt":"2024-11-27T16:15:30","guid":{"rendered":"https:\/\/enelyashop.com\/?post_type=product&#038;p=21793"},"modified":"2025-01-19T01:31:18","modified_gmt":"2025-01-19T00:31:18","slug":"unisex-parfum-mit-30-essenzen-100-ml-2","status":"publish","type":"product","link":"https:\/\/enelyashop.com\/de\/produkt\/unisex-parfum-mit-30-essenzen-100-ml-2\/","title":{"rendered":"110 Unisex-Parf\u00fcm mit 30%-Essenz - 100 ml"},"content":{"rendered":"","protected":false},"excerpt":{"rendered":"<p class=\"text-justify\">Ein sinnliches Unisex-Parf\u00fcm, das mit der Intensit\u00e4t seiner Akkorde die Sinne zu bet\u00f6ren vermag. S\u00fc\u00dfe und saftige Fr\u00fcchte, sonnige Noten von Sand und Ankl\u00e4nge von Maigl\u00f6ckchen, Moschus und duftenden H\u00f6lzern schaffen die Atmosph\u00e4re einer zeitlosen Insel. W\u00e4hrend sich der Duft entfaltet, enth\u00fcllen seine Noten den Zauber dieses fernen, verzauberten Ortes.<\/p>\n<p><strong>Geruchspyramide<\/strong><\/p>\n<ul>\n<li>Kopfnote: Schwarze Johannisbeere, Passionsfrucht, Pfirsich, Birne, Himbeere, Sand<\/li>\n<li>Herznote: Maigl\u00f6ckchen<\/li>\n<li>Basisnote: Heliotrop, Moschus, Patchouli, Sandelholz, Vanille<\/li>\n<\/ul>\n<p><img loading=\"lazy\" decoding=\"async\" class=\"alignleft size-full wp-image-22342\" src=\"https:\/\/enelyashop.com\/wp-content\/uploads\/2024\/11\/Ekran-Resmi-2024-11-30-06.38.19.png\" alt=\"\" width=\"1026\" height=\"554\" srcset=\"https:\/\/enelyashop.com\/wp-content\/uploads\/2024\/11\/Ekran-Resmi-2024-11-30-06.38.19.png 1026w, https:\/\/enelyashop.com\/wp-content\/uploads\/2024\/11\/Ekran-Resmi-2024-11-30-06.38.19-300x162.png 300w, https:\/\/enelyashop.com\/wp-content\/uploads\/2024\/11\/Ekran-Resmi-2024-11-30-06.38.19-1024x553.png 1024w, https:\/\/enelyashop.com\/wp-content\/uploads\/2024\/11\/Ekran-Resmi-2024-11-30-06.38.19-768x415.png 768w, https:\/\/enelyashop.com\/wp-content\/uploads\/2024\/11\/Ekran-Resmi-2024-11-30-06.38.19-18x10.png 18w, https:\/\/enelyashop.com\/wp-content\/uploads\/2024\/11\/Ekran-Resmi-2024-11-30-06.38.19-750x405.png 750w, https:\/\/enelyashop.com\/wp-content\/uploads\/2024\/11\/Ekran-Resmi-2024-11-30-06.38.19-540x292.png 540w, https:\/\/enelyashop.com\/wp-content\/uploads\/2024\/11\/Ekran-Resmi-2024-11-30-06.38.19-1000x540.png 1000w, https:\/\/enelyashop.com\/wp-content\/uploads\/2024\/11\/Ekran-Resmi-2024-11-30-06.38.19-100x54.png 100w\" sizes=\"auto, (max-width: 1026px) 100vw, 1026px\" \/><\/p>","protected":false},"featured_media":22264,"template":"elementor_theme","meta":{"_joinchat":[]},"product_brand":[],"product_cat":[66,71],"product_tag":[],"class_list":{"0":"post-21793","1":"product","2":"type-product","3":"status-publish","4":"has-post-thumbnail","6":"product_cat-perfume","7":"product_cat-unisex","10":"instock","11":"shipping-taxable","12":"purchasable","13":"product-type-simple","14":"product-grid-view"},"_links":{"self":[{"href":"https:\/\/enelyashop.com\/de\/wp-json\/wp\/v2\/product\/21793","targetHints":{"allow":["GET"]}}],"collection":[{"href":"https:\/\/enelyashop.com\/de\/wp-json\/wp\/v2\/product"}],"about":[{"href":"https:\/\/enelyashop.com\/de\/wp-json\/wp\/v2\/types\/product"}],"version-history":[{"count":4,"href":"https:\/\/enelyashop.com\/de\/wp-json\/wp\/v2\/product\/21793\/revisions"}],"predecessor-version":[{"id":22394,"href":"https:\/\/enelyashop.com\/de\/wp-json\/wp\/v2\/product\/21793\/revisions\/22394"}],"wp:featuredmedia":[{"embeddable":true,"href":"https:\/\/enelyashop.com\/de\/wp-json\/wp\/v2\/media\/22264"}],"wp:attachment":[{"href":"https:\/\/enelyashop.com\/de\/wp-json\/wp\/v2\/media?parent=21793"}],"wp:term":[{"taxonomy":"product_brand","embeddable":true,"href":"https:\/\/enelyashop.com\/de\/wp-json\/wp\/v2\/product_brand?post=21793"},{"taxonomy":"product_cat","embeddable":true,"href":"https:\/\/enelyashop.com\/de\/wp-json\/wp\/v2\/product_cat?post=21793"},{"taxonomy":"product_tag","embeddable":true,"href":"https:\/\/enelyashop.com\/de\/wp-json\/wp\/v2\/product_tag?post=21793"}],"curies":[{"name":"wp","href":"https:\/\/api.w.org\/{rel}","templated":true}]}}