{"id":21791,"date":"2024-11-27T17:11:04","date_gmt":"2024-11-27T16:11:04","guid":{"rendered":"https:\/\/enelyashop.com\/?post_type=product&#038;p=21791"},"modified":"2025-01-12T21:57:53","modified_gmt":"2025-01-12T20:57:53","slug":"unisex-parfum-mit-30-essenzen-50-ml-2","status":"publish","type":"product","link":"https:\/\/enelyashop.com\/de\/produkt\/unisex-parfum-mit-30-essenzen-50-ml-2\/","title":{"rendered":"141 Unisex-Parf\u00fcm mit 30%-Essenz - 50 ml"},"content":{"rendered":"","protected":false},"excerpt":{"rendered":"<p class=\"text-justify\">Ein facettenreicher und stimmungsvoller Unisex-Duft, der gekonnt eine Vielzahl von Noten kombiniert, um die magische und vertr\u00e4umte Atmosph\u00e4re orientalischer N\u00e4chte zu schaffen. Fruchtige, w\u00fcrzige und holzige Akkorde verflechten sich und verzaubern die Sinne, indem sie sie mit der Komplexit\u00e4t eines Duftes herausfordern, der vom Charme einer tausendj\u00e4hrigen Geschichte inspiriert ist, die im W\u00fcstensand geschrieben wurde und von Geheimnissen umh\u00fcllt ist.<\/p>\n<p><strong>Geruchspyramide<\/strong><\/p>\n<ul>\n<li>Kopfnote: Apfel, Bergamotte, Schwarze Johannisbeere, Kandierte Fr\u00fcchte, Kardamom, Zimt, Kokosnuss, Kaffee, Kreuzk\u00fcmmel, Damaszener Rose, Trockenfr\u00fcchte, Pfirsich, Pfeffer, Ananas, Rosa Pfeffer, Gew\u00fcrznoten, Erdbeere, S\u00fc\u00dfe Orange<\/li>\n<li>Herznote: Agarholz (Oud), Amyris, Zedernholz, Koriander, Cypriol\u00f6l oder Nagarmotha, Iris, Jasmin, Maigl\u00f6ckchen, Rose, Safran, Sandelholz, Veilchen<\/li>\n<li>Basisnote: Amber, Ambra, Zibet, Guajakholz, Weihrauch, Labdanum, Leder, Moos, Eichenmoos, Patchouli, Perubalsam, Sandelholz, Rauch, Tolubalsam, Vanille, Vetiver, Wei\u00dfer Moschus<\/li>\n<\/ul>\n<p><img loading=\"lazy\" decoding=\"async\" class=\"alignleft size-full wp-image-22344\" src=\"https:\/\/enelyashop.com\/wp-content\/uploads\/2024\/11\/Ekran-Resmi-2024-11-30-06.39.23.png\" alt=\"\" width=\"1202\" height=\"690\" srcset=\"https:\/\/enelyashop.com\/wp-content\/uploads\/2024\/11\/Ekran-Resmi-2024-11-30-06.39.23.png 1202w, https:\/\/enelyashop.com\/wp-content\/uploads\/2024\/11\/Ekran-Resmi-2024-11-30-06.39.23-300x172.png 300w, https:\/\/enelyashop.com\/wp-content\/uploads\/2024\/11\/Ekran-Resmi-2024-11-30-06.39.23-1024x588.png 1024w, https:\/\/enelyashop.com\/wp-content\/uploads\/2024\/11\/Ekran-Resmi-2024-11-30-06.39.23-768x441.png 768w, https:\/\/enelyashop.com\/wp-content\/uploads\/2024\/11\/Ekran-Resmi-2024-11-30-06.39.23-18x10.png 18w, https:\/\/enelyashop.com\/wp-content\/uploads\/2024\/11\/Ekran-Resmi-2024-11-30-06.39.23-750x431.png 750w, https:\/\/enelyashop.com\/wp-content\/uploads\/2024\/11\/Ekran-Resmi-2024-11-30-06.39.23-540x310.png 540w, https:\/\/enelyashop.com\/wp-content\/uploads\/2024\/11\/Ekran-Resmi-2024-11-30-06.39.23-1000x574.png 1000w, https:\/\/enelyashop.com\/wp-content\/uploads\/2024\/11\/Ekran-Resmi-2024-11-30-06.39.23-100x57.png 100w\" sizes=\"auto, (max-width: 1202px) 100vw, 1202px\" \/><\/p>","protected":false},"featured_media":21765,"template":"elementor_theme","meta":{"_joinchat":[]},"product_brand":[],"product_cat":[66,71],"product_tag":[],"class_list":{"0":"post-21791","1":"product","2":"type-product","3":"status-publish","4":"has-post-thumbnail","6":"product_cat-perfume","7":"product_cat-unisex","10":"instock","11":"shipping-taxable","12":"purchasable","13":"product-type-simple","14":"product-grid-view"},"_links":{"self":[{"href":"https:\/\/enelyashop.com\/de\/wp-json\/wp\/v2\/product\/21791","targetHints":{"allow":["GET"]}}],"collection":[{"href":"https:\/\/enelyashop.com\/de\/wp-json\/wp\/v2\/product"}],"about":[{"href":"https:\/\/enelyashop.com\/de\/wp-json\/wp\/v2\/types\/product"}],"version-history":[{"count":4,"href":"https:\/\/enelyashop.com\/de\/wp-json\/wp\/v2\/product\/21791\/revisions"}],"predecessor-version":[{"id":22395,"href":"https:\/\/enelyashop.com\/de\/wp-json\/wp\/v2\/product\/21791\/revisions\/22395"}],"wp:featuredmedia":[{"embeddable":true,"href":"https:\/\/enelyashop.com\/de\/wp-json\/wp\/v2\/media\/21765"}],"wp:attachment":[{"href":"https:\/\/enelyashop.com\/de\/wp-json\/wp\/v2\/media?parent=21791"}],"wp:term":[{"taxonomy":"product_brand","embeddable":true,"href":"https:\/\/enelyashop.com\/de\/wp-json\/wp\/v2\/product_brand?post=21791"},{"taxonomy":"product_cat","embeddable":true,"href":"https:\/\/enelyashop.com\/de\/wp-json\/wp\/v2\/product_cat?post=21791"},{"taxonomy":"product_tag","embeddable":true,"href":"https:\/\/enelyashop.com\/de\/wp-json\/wp\/v2\/product_tag?post=21791"}],"curies":[{"name":"wp","href":"https:\/\/api.w.org\/{rel}","templated":true}]}}