{"id":21789,"date":"2024-11-27T17:10:00","date_gmt":"2024-11-27T16:10:00","guid":{"rendered":"https:\/\/enelyashop.com\/?post_type=product&#038;p=21789"},"modified":"2025-01-12T21:57:59","modified_gmt":"2025-01-12T20:57:59","slug":"unisex-parfum-mit-30-essenzen-50-ml","status":"publish","type":"product","link":"https:\/\/enelyashop.com\/de\/produkt\/unisex-parfum-mit-30-essenzen-50-ml\/","title":{"rendered":"138 Unisex-Parf\u00fcm mit 30%-Essenz - 50 ml"},"content":{"rendered":"","protected":false},"excerpt":{"rendered":"<p class=\"text-justify\">Ein umh\u00fcllendes und \u00fcppiges Unisex-Parf\u00fcm, das sich durch die s\u00fc\u00dfen und anziehenden Noten von Sandelholz auszeichnet. Seine holzigen, bernsteinfarbenen und blumigen Akkorde ergeben einen verf\u00fchrerischen Duft, der dem Tr\u00e4ger jedes Mal, wenn er ihn aufspr\u00fcht, Charme und Geheimnis verleiht.<\/p>\n<p><strong>Geruchspyramide<\/strong><\/p>\n<ul>\n<li>Kopfnote: Pflaume, Veilchen<\/li>\n<li>Herznote: Kaschmirholz, Sandelholz, wei\u00dfer Amber<\/li>\n<li>Basisnote: Ambra, Moschus, Vanille<\/li>\n<\/ul>\n<p><img loading=\"lazy\" decoding=\"async\" class=\"alignleft size-full wp-image-22346\" src=\"https:\/\/enelyashop.com\/wp-content\/uploads\/2024\/11\/Ekran-Resmi-2024-11-30-06.40.22.png\" alt=\"\" width=\"1056\" height=\"690\" srcset=\"https:\/\/enelyashop.com\/wp-content\/uploads\/2024\/11\/Ekran-Resmi-2024-11-30-06.40.22.png 1056w, https:\/\/enelyashop.com\/wp-content\/uploads\/2024\/11\/Ekran-Resmi-2024-11-30-06.40.22-300x196.png 300w, https:\/\/enelyashop.com\/wp-content\/uploads\/2024\/11\/Ekran-Resmi-2024-11-30-06.40.22-1024x669.png 1024w, https:\/\/enelyashop.com\/wp-content\/uploads\/2024\/11\/Ekran-Resmi-2024-11-30-06.40.22-768x502.png 768w, https:\/\/enelyashop.com\/wp-content\/uploads\/2024\/11\/Ekran-Resmi-2024-11-30-06.40.22-18x12.png 18w, https:\/\/enelyashop.com\/wp-content\/uploads\/2024\/11\/Ekran-Resmi-2024-11-30-06.40.22-750x490.png 750w, https:\/\/enelyashop.com\/wp-content\/uploads\/2024\/11\/Ekran-Resmi-2024-11-30-06.40.22-540x353.png 540w, https:\/\/enelyashop.com\/wp-content\/uploads\/2024\/11\/Ekran-Resmi-2024-11-30-06.40.22-420x275.png 420w, https:\/\/enelyashop.com\/wp-content\/uploads\/2024\/11\/Ekran-Resmi-2024-11-30-06.40.22-1000x653.png 1000w, https:\/\/enelyashop.com\/wp-content\/uploads\/2024\/11\/Ekran-Resmi-2024-11-30-06.40.22-100x65.png 100w\" sizes=\"auto, (max-width: 1056px) 100vw, 1056px\" \/><\/p>","protected":false},"featured_media":21783,"template":"elementor_theme","meta":{"_joinchat":[]},"product_brand":[],"product_cat":[66,71],"product_tag":[],"class_list":{"0":"post-21789","1":"product","2":"type-product","3":"status-publish","4":"has-post-thumbnail","6":"product_cat-perfume","7":"product_cat-unisex","10":"instock","11":"shipping-taxable","12":"purchasable","13":"product-type-simple","14":"product-grid-view"},"_links":{"self":[{"href":"https:\/\/enelyashop.com\/de\/wp-json\/wp\/v2\/product\/21789","targetHints":{"allow":["GET"]}}],"collection":[{"href":"https:\/\/enelyashop.com\/de\/wp-json\/wp\/v2\/product"}],"about":[{"href":"https:\/\/enelyashop.com\/de\/wp-json\/wp\/v2\/types\/product"}],"version-history":[{"count":4,"href":"https:\/\/enelyashop.com\/de\/wp-json\/wp\/v2\/product\/21789\/revisions"}],"predecessor-version":[{"id":22396,"href":"https:\/\/enelyashop.com\/de\/wp-json\/wp\/v2\/product\/21789\/revisions\/22396"}],"wp:featuredmedia":[{"embeddable":true,"href":"https:\/\/enelyashop.com\/de\/wp-json\/wp\/v2\/media\/21783"}],"wp:attachment":[{"href":"https:\/\/enelyashop.com\/de\/wp-json\/wp\/v2\/media?parent=21789"}],"wp:term":[{"taxonomy":"product_brand","embeddable":true,"href":"https:\/\/enelyashop.com\/de\/wp-json\/wp\/v2\/product_brand?post=21789"},{"taxonomy":"product_cat","embeddable":true,"href":"https:\/\/enelyashop.com\/de\/wp-json\/wp\/v2\/product_cat?post=21789"},{"taxonomy":"product_tag","embeddable":true,"href":"https:\/\/enelyashop.com\/de\/wp-json\/wp\/v2\/product_tag?post=21789"}],"curies":[{"name":"wp","href":"https:\/\/api.w.org\/{rel}","templated":true}]}}