{"id":21785,"date":"2024-11-27T17:07:36","date_gmt":"2024-11-27T16:07:36","guid":{"rendered":"https:\/\/enelyashop.com\/?post_type=product&#038;p=21785"},"modified":"2025-01-19T03:33:20","modified_gmt":"2025-01-19T02:33:20","slug":"luxus-unisex-parfum-mit-30-essenzen-50-ml-2","status":"publish","type":"product","link":"https:\/\/enelyashop.com\/de\/produkt\/luxus-unisex-parfum-mit-30-essenzen-50-ml-2\/","title":{"rendered":"134 Luxuri\u00f6ses Unisex-Parf\u00fcm mit 30%-Essenz - 50 ml"},"content":{"rendered":"","protected":false},"excerpt":{"rendered":"<p class=\"text-justify\">Ein berauschender, warmer und fruchtiger Duft, in dem sich ein saftiger Pfirsich in der Herznote mit blumigen Noten von Jasmin und alkoholischen Noten von Rum und Cognac verbindet. Die abschlie\u00dfende Welle aus Patchouli, Sandelholz, Cashmeran und Vetiver bet\u00f6rt die Sinne und vermischt sich mit den s\u00fc\u00dfen Noten von Vanille und Tonkabohne.<\/p>\n<p><strong>Geruchspyramide<\/strong><\/p>\n<ul>\n<li>Kopfnote: Blutorange, Kardamom, Heliotrop, Pfirsich<\/li>\n<li>Herznote: Cognac, Davana, Jasmin, Rum<\/li>\n<li>Basisnote: Benzoe, Cashmeran, Labdanum, Patchouli, Sandelholz, Styrax, Tonkabohne, Vanille, Vetive<\/li>\n<\/ul>\n<p><img loading=\"lazy\" decoding=\"async\" class=\"alignleft wp-image-22274 size-full\" src=\"https:\/\/enelyashop.com\/wp-content\/uploads\/2024\/11\/Ekran-Resmi-2024-11-30-05.24.58.png\" alt=\"\" width=\"732\" height=\"552\" srcset=\"https:\/\/enelyashop.com\/wp-content\/uploads\/2024\/11\/Ekran-Resmi-2024-11-30-05.24.58.png 732w, https:\/\/enelyashop.com\/wp-content\/uploads\/2024\/11\/Ekran-Resmi-2024-11-30-05.24.58-300x226.png 300w, https:\/\/enelyashop.com\/wp-content\/uploads\/2024\/11\/Ekran-Resmi-2024-11-30-05.24.58-16x12.png 16w, https:\/\/enelyashop.com\/wp-content\/uploads\/2024\/11\/Ekran-Resmi-2024-11-30-05.24.58-540x407.png 540w, https:\/\/enelyashop.com\/wp-content\/uploads\/2024\/11\/Ekran-Resmi-2024-11-30-05.24.58-100x75.png 100w\" sizes=\"auto, (max-width: 732px) 100vw, 732px\" \/><\/p>","protected":false},"featured_media":21783,"template":"elementor_theme","meta":{"_joinchat":[]},"product_brand":[],"product_cat":[73,66,71],"product_tag":[],"class_list":{"0":"post-21785","1":"product","2":"type-product","3":"status-publish","4":"has-post-thumbnail","6":"product_cat-luxury","7":"product_cat-perfume","8":"product_cat-unisex","11":"instock","12":"shipping-taxable","13":"purchasable","14":"product-type-simple","15":"product-grid-view"},"_links":{"self":[{"href":"https:\/\/enelyashop.com\/de\/wp-json\/wp\/v2\/product\/21785","targetHints":{"allow":["GET"]}}],"collection":[{"href":"https:\/\/enelyashop.com\/de\/wp-json\/wp\/v2\/product"}],"about":[{"href":"https:\/\/enelyashop.com\/de\/wp-json\/wp\/v2\/types\/product"}],"version-history":[{"count":6,"href":"https:\/\/enelyashop.com\/de\/wp-json\/wp\/v2\/product\/21785\/revisions"}],"predecessor-version":[{"id":22398,"href":"https:\/\/enelyashop.com\/de\/wp-json\/wp\/v2\/product\/21785\/revisions\/22398"}],"wp:featuredmedia":[{"embeddable":true,"href":"https:\/\/enelyashop.com\/de\/wp-json\/wp\/v2\/media\/21783"}],"wp:attachment":[{"href":"https:\/\/enelyashop.com\/de\/wp-json\/wp\/v2\/media?parent=21785"}],"wp:term":[{"taxonomy":"product_brand","embeddable":true,"href":"https:\/\/enelyashop.com\/de\/wp-json\/wp\/v2\/product_brand?post=21785"},{"taxonomy":"product_cat","embeddable":true,"href":"https:\/\/enelyashop.com\/de\/wp-json\/wp\/v2\/product_cat?post=21785"},{"taxonomy":"product_tag","embeddable":true,"href":"https:\/\/enelyashop.com\/de\/wp-json\/wp\/v2\/product_tag?post=21785"}],"curies":[{"name":"wp","href":"https:\/\/api.w.org\/{rel}","templated":true}]}}