{"id":21782,"date":"2024-11-27T17:06:27","date_gmt":"2024-11-27T16:06:27","guid":{"rendered":"https:\/\/enelyashop.com\/?post_type=product&#038;p=21782"},"modified":"2025-01-19T03:33:35","modified_gmt":"2025-01-19T02:33:35","slug":"unisex-luxusparfum-mit-30-essenzen-50-ml-7","status":"publish","type":"product","link":"https:\/\/enelyashop.com\/de\/produkt\/unisex-luxusparfum-mit-30-essenzen-50-ml-7\/","title":{"rendered":"130 Unisex-Luxus-Parf\u00fcm mit 30%-Essenz - 50 ml"},"content":{"rendered":"","protected":false},"excerpt":{"rendered":"<p class=\"text-justify\">Ein Parf\u00fcm, das von der Sch\u00f6nheit und Kraft des Meeres erz\u00e4hlt. Es umh\u00fcllt die Sinne mit einem berauschenden, s\u00fc\u00dfen und doch w\u00fcrzigen Wirbelwind, der sonnige und brackige Noten zu einem beeindruckenden Portr\u00e4t der Meereslandschaft vereint.<\/p>\n<p><strong>Geruchspyramide<\/strong><\/p>\n<ul>\n<li>Kopfnote: Bergamotte, Zitrone, Meerwasser<\/li>\n<li>Herznote: Rose, Safran<\/li>\n<\/ul>\n<p><img loading=\"lazy\" decoding=\"async\" class=\"alignnone wp-image-22277 size-full\" src=\"https:\/\/enelyashop.com\/wp-content\/uploads\/2024\/11\/Ekran-Resmi-2024-11-30-05.42.49.png\" alt=\"\" width=\"738\" height=\"420\" srcset=\"https:\/\/enelyashop.com\/wp-content\/uploads\/2024\/11\/Ekran-Resmi-2024-11-30-05.42.49.png 738w, https:\/\/enelyashop.com\/wp-content\/uploads\/2024\/11\/Ekran-Resmi-2024-11-30-05.42.49-300x171.png 300w, https:\/\/enelyashop.com\/wp-content\/uploads\/2024\/11\/Ekran-Resmi-2024-11-30-05.42.49-18x10.png 18w, https:\/\/enelyashop.com\/wp-content\/uploads\/2024\/11\/Ekran-Resmi-2024-11-30-05.42.49-540x307.png 540w, https:\/\/enelyashop.com\/wp-content\/uploads\/2024\/11\/Ekran-Resmi-2024-11-30-05.42.49-100x57.png 100w\" sizes=\"auto, (max-width: 738px) 100vw, 738px\" \/><\/p>\n<ul>\n<li>Basisnote: Amber, Cypriol\u00f6l oder Nagarmotha, Moschus, Patchouli, Sandelholz<\/li>\n<\/ul>","protected":false},"featured_media":21783,"template":"elementor_theme","meta":{"_joinchat":[]},"product_brand":[],"product_cat":[73,66,71],"product_tag":[],"class_list":{"0":"post-21782","1":"product","2":"type-product","3":"status-publish","4":"has-post-thumbnail","6":"product_cat-luxury","7":"product_cat-perfume","8":"product_cat-unisex","11":"instock","12":"shipping-taxable","13":"purchasable","14":"product-type-simple","15":"product-grid-view"},"_links":{"self":[{"href":"https:\/\/enelyashop.com\/de\/wp-json\/wp\/v2\/product\/21782","targetHints":{"allow":["GET"]}}],"collection":[{"href":"https:\/\/enelyashop.com\/de\/wp-json\/wp\/v2\/product"}],"about":[{"href":"https:\/\/enelyashop.com\/de\/wp-json\/wp\/v2\/types\/product"}],"version-history":[{"count":4,"href":"https:\/\/enelyashop.com\/de\/wp-json\/wp\/v2\/product\/21782\/revisions"}],"predecessor-version":[{"id":22399,"href":"https:\/\/enelyashop.com\/de\/wp-json\/wp\/v2\/product\/21782\/revisions\/22399"}],"wp:featuredmedia":[{"embeddable":true,"href":"https:\/\/enelyashop.com\/de\/wp-json\/wp\/v2\/media\/21783"}],"wp:attachment":[{"href":"https:\/\/enelyashop.com\/de\/wp-json\/wp\/v2\/media?parent=21782"}],"wp:term":[{"taxonomy":"product_brand","embeddable":true,"href":"https:\/\/enelyashop.com\/de\/wp-json\/wp\/v2\/product_brand?post=21782"},{"taxonomy":"product_cat","embeddable":true,"href":"https:\/\/enelyashop.com\/de\/wp-json\/wp\/v2\/product_cat?post=21782"},{"taxonomy":"product_tag","embeddable":true,"href":"https:\/\/enelyashop.com\/de\/wp-json\/wp\/v2\/product_tag?post=21782"}],"curies":[{"name":"wp","href":"https:\/\/api.w.org\/{rel}","templated":true}]}}