{"id":21778,"date":"2024-11-27T17:03:30","date_gmt":"2024-11-27T16:03:30","guid":{"rendered":"https:\/\/enelyashop.com\/?post_type=product&#038;p=21778"},"modified":"2025-01-19T03:33:48","modified_gmt":"2025-01-19T02:33:48","slug":"unisex-luxusparfum-mit-30-essenzen-50-ml-6","status":"publish","type":"product","link":"https:\/\/enelyashop.com\/de\/produkt\/unisex-luxusparfum-mit-30-essenzen-50-ml-6\/","title":{"rendered":"128 Unisex-Luxus-Parf\u00fcm mit 30%-Essenz - 50 ml"},"content":{"rendered":"","protected":false},"excerpt":{"rendered":"<p class=\"text-justify\">Ein bet\u00f6rendes, unwiderstehliches Parf\u00fcm voller Kontraste. Der Duft er\u00f6ffnet mit frischen Zitrusnoten und intensiven Noten von Rum, Myrrhe und Olibanum. Die Herznote vereint blumige D\u00fcfte von Narzisse, Frangipani und Rose mit tiefen Noten von Kaffee und Gerste. Die Basisnote schlie\u00dflich umh\u00fcllt die Sinne mit anhaltenden Noten von Tabak, Wildleder und Eichenmoos.<\/p>\n<p><strong>Geruchspyramide<\/strong><\/p>\n<ul>\n<li>Kopfnote: Koriander, Limette, Myrrhe, Olibanum (Weihrauch), Orange, Rum, Safran<\/li>\n<li>Herznote: Artemisia, Gerste, Kaffee, Frangipani, Narzisse, Pflaume, Rose<\/li>\n<li>Basisnote: Mahagoni, Eichenmoos, Patchouli, Wildleder, Tabakbl\u00fcte, Vanille, Veilchen<\/li>\n<\/ul>\n<p><img loading=\"lazy\" decoding=\"async\" class=\"alignnone wp-image-22279 size-full\" src=\"https:\/\/enelyashop.com\/wp-content\/uploads\/2024\/11\/Ekran-Resmi-2024-11-30-05.44.27.png\" alt=\"\" width=\"998\" height=\"818\" srcset=\"https:\/\/enelyashop.com\/wp-content\/uploads\/2024\/11\/Ekran-Resmi-2024-11-30-05.44.27.png 998w, https:\/\/enelyashop.com\/wp-content\/uploads\/2024\/11\/Ekran-Resmi-2024-11-30-05.44.27-300x246.png 300w, https:\/\/enelyashop.com\/wp-content\/uploads\/2024\/11\/Ekran-Resmi-2024-11-30-05.44.27-768x629.png 768w, https:\/\/enelyashop.com\/wp-content\/uploads\/2024\/11\/Ekran-Resmi-2024-11-30-05.44.27-15x12.png 15w, https:\/\/enelyashop.com\/wp-content\/uploads\/2024\/11\/Ekran-Resmi-2024-11-30-05.44.27-750x615.png 750w, https:\/\/enelyashop.com\/wp-content\/uploads\/2024\/11\/Ekran-Resmi-2024-11-30-05.44.27-540x443.png 540w, https:\/\/enelyashop.com\/wp-content\/uploads\/2024\/11\/Ekran-Resmi-2024-11-30-05.44.27-100x82.png 100w\" sizes=\"auto, (max-width: 998px) 100vw, 998px\" \/><\/p>","protected":false},"featured_media":21765,"template":"elementor_theme","meta":{"_joinchat":[]},"product_brand":[],"product_cat":[73,66,71],"product_tag":[],"class_list":{"0":"post-21778","1":"product","2":"type-product","3":"status-publish","4":"has-post-thumbnail","6":"product_cat-luxury","7":"product_cat-perfume","8":"product_cat-unisex","11":"instock","12":"shipping-taxable","13":"purchasable","14":"product-type-simple","15":"product-grid-view"},"_links":{"self":[{"href":"https:\/\/enelyashop.com\/de\/wp-json\/wp\/v2\/product\/21778","targetHints":{"allow":["GET"]}}],"collection":[{"href":"https:\/\/enelyashop.com\/de\/wp-json\/wp\/v2\/product"}],"about":[{"href":"https:\/\/enelyashop.com\/de\/wp-json\/wp\/v2\/types\/product"}],"version-history":[{"count":4,"href":"https:\/\/enelyashop.com\/de\/wp-json\/wp\/v2\/product\/21778\/revisions"}],"predecessor-version":[{"id":22401,"href":"https:\/\/enelyashop.com\/de\/wp-json\/wp\/v2\/product\/21778\/revisions\/22401"}],"wp:featuredmedia":[{"embeddable":true,"href":"https:\/\/enelyashop.com\/de\/wp-json\/wp\/v2\/media\/21765"}],"wp:attachment":[{"href":"https:\/\/enelyashop.com\/de\/wp-json\/wp\/v2\/media?parent=21778"}],"wp:term":[{"taxonomy":"product_brand","embeddable":true,"href":"https:\/\/enelyashop.com\/de\/wp-json\/wp\/v2\/product_brand?post=21778"},{"taxonomy":"product_cat","embeddable":true,"href":"https:\/\/enelyashop.com\/de\/wp-json\/wp\/v2\/product_cat?post=21778"},{"taxonomy":"product_tag","embeddable":true,"href":"https:\/\/enelyashop.com\/de\/wp-json\/wp\/v2\/product_tag?post=21778"}],"curies":[{"name":"wp","href":"https:\/\/api.w.org\/{rel}","templated":true}]}}