{"id":21767,"date":"2024-11-27T16:57:54","date_gmt":"2024-11-27T15:57:54","guid":{"rendered":"https:\/\/enelyashop.com\/?post_type=product&#038;p=21767"},"modified":"2025-01-19T03:34:57","modified_gmt":"2025-01-19T02:34:57","slug":"unisex-luxus-parfum-mit-30-essenzen-50-ml-2","status":"publish","type":"product","link":"https:\/\/enelyashop.com\/de\/produkt\/unisex-luxus-parfum-mit-30-essenzen-50-ml-2\/","title":{"rendered":"118 Unisex-Luxus-Parf\u00fcm mit 30%-Essenz - 50 ml"},"content":{"rendered":"","protected":false},"excerpt":{"rendered":"<p class=\"text-justify\">Ein strahlendes, k\u00fchnes und intensives Parf\u00fcm. Eine sinnliche und hypnotisierende Harmonie f\u00fcr Liebhaber allumfassender s\u00fc\u00dfer D\u00fcfte. Ein blumiger Bernsteinhauch, der die Haut umschmeichelt und einen Hauch von Holz enth\u00fcllt. Eine lyrische Alchemie, in der sich die zarte Jasminnote mit den mineralischen Nuancen von Ambra und den holzigen Nuancen von frisch geschnittenem Zedernholz verbindet.<\/p>\n<p><strong>Geruchspyramide<\/strong><\/p>\n<ul>\n<li>Kopfnote: Jasmin, Safran<\/li>\n<li>Herznote: Ambra, Ambraholz<\/li>\n<li>Basisnote: Zedernholz, Tanne<\/li>\n<\/ul>\n<p><img loading=\"lazy\" decoding=\"async\" class=\"alignleft wp-image-22289 size-full\" src=\"https:\/\/enelyashop.com\/wp-content\/uploads\/2024\/11\/Ekran-Resmi-2024-11-30-05.55.11.png\" alt=\"\" width=\"984\" height=\"672\" srcset=\"https:\/\/enelyashop.com\/wp-content\/uploads\/2024\/11\/Ekran-Resmi-2024-11-30-05.55.11.png 984w, https:\/\/enelyashop.com\/wp-content\/uploads\/2024\/11\/Ekran-Resmi-2024-11-30-05.55.11-300x205.png 300w, https:\/\/enelyashop.com\/wp-content\/uploads\/2024\/11\/Ekran-Resmi-2024-11-30-05.55.11-768x524.png 768w, https:\/\/enelyashop.com\/wp-content\/uploads\/2024\/11\/Ekran-Resmi-2024-11-30-05.55.11-18x12.png 18w, https:\/\/enelyashop.com\/wp-content\/uploads\/2024\/11\/Ekran-Resmi-2024-11-30-05.55.11-750x512.png 750w, https:\/\/enelyashop.com\/wp-content\/uploads\/2024\/11\/Ekran-Resmi-2024-11-30-05.55.11-540x369.png 540w, https:\/\/enelyashop.com\/wp-content\/uploads\/2024\/11\/Ekran-Resmi-2024-11-30-05.55.11-100x68.png 100w\" sizes=\"auto, (max-width: 984px) 100vw, 984px\" \/><\/p>","protected":false},"featured_media":21768,"template":"elementor_theme","meta":{"_joinchat":[]},"product_brand":[],"product_cat":[73,66,71],"product_tag":[],"class_list":{"0":"post-21767","1":"product","2":"type-product","3":"status-publish","4":"has-post-thumbnail","6":"product_cat-luxury","7":"product_cat-perfume","8":"product_cat-unisex","11":"instock","12":"shipping-taxable","13":"purchasable","14":"product-type-simple","15":"product-grid-view"},"_links":{"self":[{"href":"https:\/\/enelyashop.com\/de\/wp-json\/wp\/v2\/product\/21767","targetHints":{"allow":["GET"]}}],"collection":[{"href":"https:\/\/enelyashop.com\/de\/wp-json\/wp\/v2\/product"}],"about":[{"href":"https:\/\/enelyashop.com\/de\/wp-json\/wp\/v2\/types\/product"}],"version-history":[{"count":4,"href":"https:\/\/enelyashop.com\/de\/wp-json\/wp\/v2\/product\/21767\/revisions"}],"predecessor-version":[{"id":22407,"href":"https:\/\/enelyashop.com\/de\/wp-json\/wp\/v2\/product\/21767\/revisions\/22407"}],"wp:featuredmedia":[{"embeddable":true,"href":"https:\/\/enelyashop.com\/de\/wp-json\/wp\/v2\/media\/21768"}],"wp:attachment":[{"href":"https:\/\/enelyashop.com\/de\/wp-json\/wp\/v2\/media?parent=21767"}],"wp:term":[{"taxonomy":"product_brand","embeddable":true,"href":"https:\/\/enelyashop.com\/de\/wp-json\/wp\/v2\/product_brand?post=21767"},{"taxonomy":"product_cat","embeddable":true,"href":"https:\/\/enelyashop.com\/de\/wp-json\/wp\/v2\/product_cat?post=21767"},{"taxonomy":"product_tag","embeddable":true,"href":"https:\/\/enelyashop.com\/de\/wp-json\/wp\/v2\/product_tag?post=21767"}],"curies":[{"name":"wp","href":"https:\/\/api.w.org\/{rel}","templated":true}]}}