{"id":21761,"date":"2024-11-27T16:55:23","date_gmt":"2024-11-27T15:55:23","guid":{"rendered":"https:\/\/enelyashop.com\/?post_type=product&#038;p=21761"},"modified":"2025-01-30T02:24:49","modified_gmt":"2025-01-30T01:24:49","slug":"unisex-luxusparfum-mit-30-essenzen-50-ml","status":"publish","type":"product","link":"https:\/\/enelyashop.com\/de\/produkt\/unisex-luxusparfum-mit-30-essenzen-50-ml\/","title":{"rendered":"111 Unisex-Luxus-Parf\u00fcm mit 30%-Essenz - 50 ml"},"content":{"rendered":"","protected":false},"excerpt":{"rendered":"<p class=\"text-justify\">Ein komplexer Duft, in dem die S\u00fc\u00dfe der saftigen Kirsche auf die Intensit\u00e4t des Lik\u00f6rs und die provokante Note der Bittermandel trifft. Die Herznote ist gepr\u00e4gt von s\u00fc\u00dfen und sauren Wellen der Kirsche, kombiniert mit bezaubernden blumigen Nuancen der t\u00fcrkischen Rose und des Jasmins. Der Fond ist von warmen, reichen, s\u00fc\u00dfen und w\u00fcrzigen Noten gepr\u00e4gt.<\/p>\n<p><strong>Geruchspyramide<\/strong><\/p>\n<ul>\n<li>Kopfnote: Mandel, Schwarzkirsche, Lik\u00f6r<\/li>\n<li>Herznote: Jasmin, Pflaume, Rose, Sauerkirsche<\/li>\n<li>Basisnote: Benzoe, Zedernholz, Zimt, Gew\u00fcrznelken, Patchouli, Sandelholz, Tonkabohne, Vanille, Vetiver<\/li>\n<\/ul>\n<p><img loading=\"lazy\" decoding=\"async\" class=\"alignleft wp-image-22293 size-full\" src=\"https:\/\/enelyashop.com\/wp-content\/uploads\/2024\/11\/Ekran-Resmi-2024-11-30-05.58.15.png\" alt=\"\" width=\"984\" height=\"672\" srcset=\"https:\/\/enelyashop.com\/wp-content\/uploads\/2024\/11\/Ekran-Resmi-2024-11-30-05.58.15.png 984w, https:\/\/enelyashop.com\/wp-content\/uploads\/2024\/11\/Ekran-Resmi-2024-11-30-05.58.15-300x205.png 300w, https:\/\/enelyashop.com\/wp-content\/uploads\/2024\/11\/Ekran-Resmi-2024-11-30-05.58.15-768x524.png 768w, https:\/\/enelyashop.com\/wp-content\/uploads\/2024\/11\/Ekran-Resmi-2024-11-30-05.58.15-18x12.png 18w, https:\/\/enelyashop.com\/wp-content\/uploads\/2024\/11\/Ekran-Resmi-2024-11-30-05.58.15-750x512.png 750w, https:\/\/enelyashop.com\/wp-content\/uploads\/2024\/11\/Ekran-Resmi-2024-11-30-05.58.15-540x369.png 540w, https:\/\/enelyashop.com\/wp-content\/uploads\/2024\/11\/Ekran-Resmi-2024-11-30-05.58.15-100x68.png 100w\" sizes=\"auto, (max-width: 984px) 100vw, 984px\" \/><\/p>","protected":false},"featured_media":21762,"template":"elementor_theme","meta":{"_joinchat":[]},"product_brand":[],"product_cat":[73,66,71],"product_tag":[],"class_list":{"0":"post-21761","1":"product","2":"type-product","3":"status-publish","4":"has-post-thumbnail","6":"product_cat-luxury","7":"product_cat-perfume","8":"product_cat-unisex","11":"instock","12":"shipping-taxable","13":"purchasable","14":"product-type-simple","15":"product-grid-view"},"_links":{"self":[{"href":"https:\/\/enelyashop.com\/de\/wp-json\/wp\/v2\/product\/21761","targetHints":{"allow":["GET"]}}],"collection":[{"href":"https:\/\/enelyashop.com\/de\/wp-json\/wp\/v2\/product"}],"about":[{"href":"https:\/\/enelyashop.com\/de\/wp-json\/wp\/v2\/types\/product"}],"version-history":[{"count":4,"href":"https:\/\/enelyashop.com\/de\/wp-json\/wp\/v2\/product\/21761\/revisions"}],"predecessor-version":[{"id":22409,"href":"https:\/\/enelyashop.com\/de\/wp-json\/wp\/v2\/product\/21761\/revisions\/22409"}],"wp:featuredmedia":[{"embeddable":true,"href":"https:\/\/enelyashop.com\/de\/wp-json\/wp\/v2\/media\/21762"}],"wp:attachment":[{"href":"https:\/\/enelyashop.com\/de\/wp-json\/wp\/v2\/media?parent=21761"}],"wp:term":[{"taxonomy":"product_brand","embeddable":true,"href":"https:\/\/enelyashop.com\/de\/wp-json\/wp\/v2\/product_brand?post=21761"},{"taxonomy":"product_cat","embeddable":true,"href":"https:\/\/enelyashop.com\/de\/wp-json\/wp\/v2\/product_cat?post=21761"},{"taxonomy":"product_tag","embeddable":true,"href":"https:\/\/enelyashop.com\/de\/wp-json\/wp\/v2\/product_tag?post=21761"}],"curies":[{"name":"wp","href":"https:\/\/api.w.org\/{rel}","templated":true}]}}