{"id":21597,"date":"2024-11-26T21:32:27","date_gmt":"2024-11-26T20:32:27","guid":{"rendered":"https:\/\/enelyashop.com\/?post_type=product&#038;p=21597"},"modified":"2025-01-19T01:34:12","modified_gmt":"2025-01-19T00:34:12","slug":"parfum-nachfullpackung-fur-ihn-30-essence-15-ml","status":"publish","type":"product","link":"https:\/\/enelyashop.com\/de\/produkt\/parfum-nachfullpackung-fur-ihn-30-essence-15-ml\/","title":{"rendered":"Parf\u00fcm Nachf\u00fcllpackung f\u00fcr Ihn - 30% Essence - 15 ml"},"content":{"rendered":"","protected":false},"excerpt":{"rendered":"<p class=\"text-justify\">Dieses Parf\u00fcm enth\u00e4lt die Essenz eines Mannes jenseits von Trends und Zeit. Treu zu seiner Identit\u00e4t, wild, aber bewusst.<\/p>\n<p>Die Nachf\u00fcllpackung f\u00fcr das Parf\u00fcm kann nur mit dem daf\u00fcr vorgesehenen Etui verwendet werden, das nicht in der Packung enthalten ist.<\/p>\n<p><strong>Geruchspyramide<\/strong><\/p>\n<ul>\n<li>Kopfnote: Bergamotte, Pfeffer<\/li>\n<li>Herznote: Elemi, Geranie, Lavendel, Patchouli, Rosa Pfeffer, Sichuan-Pfeffer, Vetiver<\/li>\n<li>Basisnote: Ambroxan, Zedernholz, Labdanum<\/li>\n<\/ul>","protected":false},"featured_media":22264,"template":"elementor_theme","meta":{"_joinchat":[]},"product_brand":[],"product_cat":[70,66],"product_tag":[],"class_list":{"0":"post-21597","1":"product","2":"type-product","3":"status-publish","4":"has-post-thumbnail","6":"product_cat-man","7":"product_cat-perfume","10":"instock","11":"shipping-taxable","12":"purchasable","13":"product-type-simple","14":"product-grid-view"},"_links":{"self":[{"href":"https:\/\/enelyashop.com\/de\/wp-json\/wp\/v2\/product\/21597","targetHints":{"allow":["GET"]}}],"collection":[{"href":"https:\/\/enelyashop.com\/de\/wp-json\/wp\/v2\/product"}],"about":[{"href":"https:\/\/enelyashop.com\/de\/wp-json\/wp\/v2\/types\/product"}],"version-history":[{"count":2,"href":"https:\/\/enelyashop.com\/de\/wp-json\/wp\/v2\/product\/21597\/revisions"}],"predecessor-version":[{"id":22412,"href":"https:\/\/enelyashop.com\/de\/wp-json\/wp\/v2\/product\/21597\/revisions\/22412"}],"wp:featuredmedia":[{"embeddable":true,"href":"https:\/\/enelyashop.com\/de\/wp-json\/wp\/v2\/media\/22264"}],"wp:attachment":[{"href":"https:\/\/enelyashop.com\/de\/wp-json\/wp\/v2\/media?parent=21597"}],"wp:term":[{"taxonomy":"product_brand","embeddable":true,"href":"https:\/\/enelyashop.com\/de\/wp-json\/wp\/v2\/product_brand?post=21597"},{"taxonomy":"product_cat","embeddable":true,"href":"https:\/\/enelyashop.com\/de\/wp-json\/wp\/v2\/product_cat?post=21597"},{"taxonomy":"product_tag","embeddable":true,"href":"https:\/\/enelyashop.com\/de\/wp-json\/wp\/v2\/product_tag?post=21597"}],"curies":[{"name":"wp","href":"https:\/\/api.w.org\/{rel}","templated":true}]}}