{"id":21583,"date":"2024-11-26T21:25:38","date_gmt":"2024-11-26T20:25:38","guid":{"rendered":"https:\/\/enelyashop.com\/?post_type=product&#038;p=21583"},"modified":"2025-01-30T01:41:11","modified_gmt":"2025-01-30T00:41:11","slug":"parfum-fur-ihn-mit-30-essenzen-100-ml-4","status":"publish","type":"product","link":"https:\/\/enelyashop.com\/de\/produkt\/parfum-fur-ihn-mit-30-essenzen-100-ml-4\/","title":{"rendered":"020 Parf\u00fcm f\u00fcr ihn mit 30% Essenz - 100 ml"},"content":{"rendered":"","protected":false},"excerpt":{"rendered":"<p class=\"text-justify\">Dieser Duft erz\u00e4hlt eine Geschichte von Verf\u00fchrung, Intensit\u00e4t und k\u00fchner Sinnlichkeit. Ein faszinierender und mysteri\u00f6ser Mann mit unwiderstehlichem Charme und einer Verf\u00fchrungskraft, die alles andere ausl\u00f6scht, wenn er vorbeigeht.<\/p>\n<p><strong>Geruchspyramide<br \/>\n<\/strong><\/p>\n<ul>\n<li>Kopfnote: Kardamom<\/li>\n<li>Herznote: Bergamotte, Zedernholz, Lavendel<\/li>\n<li>Basisnote: K\u00fcmmel, Vetiver<\/li>\n<\/ul>\n<p><img loading=\"lazy\" decoding=\"async\" class=\"alignleft size-full wp-image-22366\" src=\"https:\/\/enelyashop.com\/wp-content\/uploads\/2024\/11\/Ekran-Resmi-2024-11-30-06.59.23.png\" alt=\"\" width=\"1020\" height=\"774\" srcset=\"https:\/\/enelyashop.com\/wp-content\/uploads\/2024\/11\/Ekran-Resmi-2024-11-30-06.59.23.png 1020w, https:\/\/enelyashop.com\/wp-content\/uploads\/2024\/11\/Ekran-Resmi-2024-11-30-06.59.23-300x228.png 300w, https:\/\/enelyashop.com\/wp-content\/uploads\/2024\/11\/Ekran-Resmi-2024-11-30-06.59.23-768x583.png 768w, https:\/\/enelyashop.com\/wp-content\/uploads\/2024\/11\/Ekran-Resmi-2024-11-30-06.59.23-16x12.png 16w, https:\/\/enelyashop.com\/wp-content\/uploads\/2024\/11\/Ekran-Resmi-2024-11-30-06.59.23-750x569.png 750w, https:\/\/enelyashop.com\/wp-content\/uploads\/2024\/11\/Ekran-Resmi-2024-11-30-06.59.23-540x410.png 540w, https:\/\/enelyashop.com\/wp-content\/uploads\/2024\/11\/Ekran-Resmi-2024-11-30-06.59.23-1000x759.png 1000w, https:\/\/enelyashop.com\/wp-content\/uploads\/2024\/11\/Ekran-Resmi-2024-11-30-06.59.23-100x76.png 100w\" sizes=\"auto, (max-width: 1020px) 100vw, 1020px\" \/><\/p>","protected":false},"featured_media":22264,"template":"elementor_theme","meta":{"_joinchat":[]},"product_brand":[],"product_cat":[70,66],"product_tag":[],"class_list":{"0":"post-21583","1":"product","2":"type-product","3":"status-publish","4":"has-post-thumbnail","6":"product_cat-man","7":"product_cat-perfume","8":"pa_ml-100ml","9":"pa_ml-35ml","12":"instock","13":"shipping-taxable","14":"purchasable","15":"product-type-variable","16":"has-default-attributes","17":"product-grid-view"},"_links":{"self":[{"href":"https:\/\/enelyashop.com\/de\/wp-json\/wp\/v2\/product\/21583","targetHints":{"allow":["GET"]}}],"collection":[{"href":"https:\/\/enelyashop.com\/de\/wp-json\/wp\/v2\/product"}],"about":[{"href":"https:\/\/enelyashop.com\/de\/wp-json\/wp\/v2\/types\/product"}],"version-history":[{"count":5,"href":"https:\/\/enelyashop.com\/de\/wp-json\/wp\/v2\/product\/21583\/revisions"}],"predecessor-version":[{"id":22419,"href":"https:\/\/enelyashop.com\/de\/wp-json\/wp\/v2\/product\/21583\/revisions\/22419"}],"wp:featuredmedia":[{"embeddable":true,"href":"https:\/\/enelyashop.com\/de\/wp-json\/wp\/v2\/media\/22264"}],"wp:attachment":[{"href":"https:\/\/enelyashop.com\/de\/wp-json\/wp\/v2\/media?parent=21583"}],"wp:term":[{"taxonomy":"product_brand","embeddable":true,"href":"https:\/\/enelyashop.com\/de\/wp-json\/wp\/v2\/product_brand?post=21583"},{"taxonomy":"product_cat","embeddable":true,"href":"https:\/\/enelyashop.com\/de\/wp-json\/wp\/v2\/product_cat?post=21583"},{"taxonomy":"product_tag","embeddable":true,"href":"https:\/\/enelyashop.com\/de\/wp-json\/wp\/v2\/product_tag?post=21583"}],"curies":[{"name":"wp","href":"https:\/\/api.w.org\/{rel}","templated":true}]}}