{"id":21568,"date":"2024-11-26T21:14:56","date_gmt":"2024-11-26T20:14:56","guid":{"rendered":"https:\/\/enelyashop.com\/?post_type=product&#038;p=21568"},"modified":"2025-01-30T01:16:08","modified_gmt":"2025-01-30T00:16:08","slug":"parfum-fur-sie-mit-30-essenzen-100-ml-18","status":"publish","type":"product","link":"https:\/\/enelyashop.com\/de\/produkt\/parfum-fur-sie-mit-30-essenzen-100-ml-18\/","title":{"rendered":"122 Parf\u00fcm For Her mit 30% Essenz - 100 ml"},"content":{"rendered":"","protected":false},"excerpt":{"rendered":"<p class=\"text-justify\">Ein einzigartiger und unwiderstehlicher Duft, der das Temperament einer rebellischen Frau widerspiegelt, die nach ihren eigenen Regeln lebt und spielt. Das Parf\u00fcm f\u00fcr mutige Frauen, die sich nicht scheuen, ihre Grenzen zu \u00fcberschreiten und keine Kompromisse bei ihrer Freiheit eingehen.<\/p>\n<p><strong>Geruchspyramide<\/strong><\/p>\n<ul>\n<li>Kopfnote: Schwarze Johannisbeere, Lavendel, Mandarine, Petitgrain<\/li>\n<li>Herznote: Jasmin, Lavendel, Orangenbl\u00fcte<\/li>\n<li>Basisnote: Ambra, Zedernholz, Moschus, Vanille<\/li>\n<\/ul>\n<p><img loading=\"lazy\" decoding=\"async\" class=\"alignleft wp-image-22299 size-full\" src=\"https:\/\/enelyashop.com\/wp-content\/uploads\/2024\/11\/Ekran-Resmi-2024-11-30-06.03.56-1.png\" alt=\"\" width=\"972\" height=\"654\" srcset=\"https:\/\/enelyashop.com\/wp-content\/uploads\/2024\/11\/Ekran-Resmi-2024-11-30-06.03.56-1.png 972w, https:\/\/enelyashop.com\/wp-content\/uploads\/2024\/11\/Ekran-Resmi-2024-11-30-06.03.56-1-300x202.png 300w, https:\/\/enelyashop.com\/wp-content\/uploads\/2024\/11\/Ekran-Resmi-2024-11-30-06.03.56-1-768x517.png 768w, https:\/\/enelyashop.com\/wp-content\/uploads\/2024\/11\/Ekran-Resmi-2024-11-30-06.03.56-1-18x12.png 18w, https:\/\/enelyashop.com\/wp-content\/uploads\/2024\/11\/Ekran-Resmi-2024-11-30-06.03.56-1-750x505.png 750w, https:\/\/enelyashop.com\/wp-content\/uploads\/2024\/11\/Ekran-Resmi-2024-11-30-06.03.56-1-540x363.png 540w, https:\/\/enelyashop.com\/wp-content\/uploads\/2024\/11\/Ekran-Resmi-2024-11-30-06.03.56-1-773x520.png 773w, https:\/\/enelyashop.com\/wp-content\/uploads\/2024\/11\/Ekran-Resmi-2024-11-30-06.03.56-1-100x67.png 100w\" sizes=\"auto, (max-width: 972px) 100vw, 972px\" \/><\/p>","protected":false},"featured_media":22270,"template":"elementor_theme","meta":{"_joinchat":[]},"product_brand":[],"product_cat":[66,69],"product_tag":[],"class_list":{"0":"post-21568","1":"product","2":"type-product","3":"status-publish","4":"has-post-thumbnail","6":"product_cat-perfume","7":"product_cat-woman","8":"pa_ml-100ml","9":"pa_ml-35ml","12":"instock","13":"shipping-taxable","14":"purchasable","15":"product-type-variable","16":"has-default-attributes","17":"product-grid-view"},"_links":{"self":[{"href":"https:\/\/enelyashop.com\/de\/wp-json\/wp\/v2\/product\/21568","targetHints":{"allow":["GET"]}}],"collection":[{"href":"https:\/\/enelyashop.com\/de\/wp-json\/wp\/v2\/product"}],"about":[{"href":"https:\/\/enelyashop.com\/de\/wp-json\/wp\/v2\/types\/product"}],"version-history":[{"count":4,"href":"https:\/\/enelyashop.com\/de\/wp-json\/wp\/v2\/product\/21568\/revisions"}],"predecessor-version":[{"id":22425,"href":"https:\/\/enelyashop.com\/de\/wp-json\/wp\/v2\/product\/21568\/revisions\/22425"}],"wp:featuredmedia":[{"embeddable":true,"href":"https:\/\/enelyashop.com\/de\/wp-json\/wp\/v2\/media\/22270"}],"wp:attachment":[{"href":"https:\/\/enelyashop.com\/de\/wp-json\/wp\/v2\/media?parent=21568"}],"wp:term":[{"taxonomy":"product_brand","embeddable":true,"href":"https:\/\/enelyashop.com\/de\/wp-json\/wp\/v2\/product_brand?post=21568"},{"taxonomy":"product_cat","embeddable":true,"href":"https:\/\/enelyashop.com\/de\/wp-json\/wp\/v2\/product_cat?post=21568"},{"taxonomy":"product_tag","embeddable":true,"href":"https:\/\/enelyashop.com\/de\/wp-json\/wp\/v2\/product_tag?post=21568"}],"curies":[{"name":"wp","href":"https:\/\/api.w.org\/{rel}","templated":true}]}}