{"id":21544,"date":"2024-11-26T20:54:59","date_gmt":"2024-11-26T19:54:59","guid":{"rendered":"https:\/\/enelyashop.com\/?post_type=product&#038;p=21544"},"modified":"2025-01-29T16:14:56","modified_gmt":"2025-01-29T15:14:56","slug":"parfum-fur-sie-mit-30-essenzen-100-ml-7","status":"publish","type":"product","link":"https:\/\/enelyashop.com\/de\/produkt\/parfum-fur-sie-mit-30-essenzen-100-ml-7\/","title":{"rendered":"023 Parf\u00fcm For Her mit 30% Essenz - 100 ml"},"content":{"rendered":"","protected":false},"excerpt":{"rendered":"<p class=\"text-justify\">Mit seinem umh\u00fcllenden Duft will dieses Parf\u00fcm ein wahrer Zaubertrank sein, der die Sinne all derer umgarnt, die von ihm umh\u00fcllt werden. Entworfen f\u00fcr die verf\u00fchrerische Frau, die es liebt, im Rampenlicht zu stehen.<\/p>\n<p><strong>Geruchspyramide<\/strong><\/p>\n<ul>\n<li>Kopfnote: Aprikose, Kokosnuss, Pflaume<\/li>\n<li>Herznote: Brasilianischer Rosenholz, K\u00fcmmel, Jasmin, Maigl\u00f6ckchen, Rose, Tuberose<\/li>\n<li>Basisnote: Mandel, Moschus, Sandelholz, Vanille<\/li>\n<\/ul>\n<p><img loading=\"lazy\" decoding=\"async\" class=\"alignleft size-full wp-image-22322\" src=\"https:\/\/enelyashop.com\/wp-content\/uploads\/2024\/11\/Ekran-Resmi-2024-11-30-06.28.37.png\" alt=\"\" width=\"1038\" height=\"742\" srcset=\"https:\/\/enelyashop.com\/wp-content\/uploads\/2024\/11\/Ekran-Resmi-2024-11-30-06.28.37.png 1038w, https:\/\/enelyashop.com\/wp-content\/uploads\/2024\/11\/Ekran-Resmi-2024-11-30-06.28.37-300x214.png 300w, https:\/\/enelyashop.com\/wp-content\/uploads\/2024\/11\/Ekran-Resmi-2024-11-30-06.28.37-1024x732.png 1024w, https:\/\/enelyashop.com\/wp-content\/uploads\/2024\/11\/Ekran-Resmi-2024-11-30-06.28.37-768x549.png 768w, https:\/\/enelyashop.com\/wp-content\/uploads\/2024\/11\/Ekran-Resmi-2024-11-30-06.28.37-18x12.png 18w, https:\/\/enelyashop.com\/wp-content\/uploads\/2024\/11\/Ekran-Resmi-2024-11-30-06.28.37-750x536.png 750w, https:\/\/enelyashop.com\/wp-content\/uploads\/2024\/11\/Ekran-Resmi-2024-11-30-06.28.37-540x386.png 540w, https:\/\/enelyashop.com\/wp-content\/uploads\/2024\/11\/Ekran-Resmi-2024-11-30-06.28.37-1000x715.png 1000w, https:\/\/enelyashop.com\/wp-content\/uploads\/2024\/11\/Ekran-Resmi-2024-11-30-06.28.37-100x71.png 100w\" sizes=\"auto, (max-width: 1038px) 100vw, 1038px\" \/><\/p>","protected":false},"featured_media":22270,"template":"elementor_theme","meta":{"_joinchat":[]},"product_brand":[],"product_cat":[66,69],"product_tag":[],"class_list":{"0":"post-21544","1":"product","2":"type-product","3":"status-publish","4":"has-post-thumbnail","6":"product_cat-perfume","7":"product_cat-woman","8":"pa_ml-100ml","9":"pa_ml-35ml","12":"instock","13":"shipping-taxable","14":"purchasable","15":"product-type-variable","16":"product-grid-view"},"_links":{"self":[{"href":"https:\/\/enelyashop.com\/de\/wp-json\/wp\/v2\/product\/21544","targetHints":{"allow":["GET"]}}],"collection":[{"href":"https:\/\/enelyashop.com\/de\/wp-json\/wp\/v2\/product"}],"about":[{"href":"https:\/\/enelyashop.com\/de\/wp-json\/wp\/v2\/types\/product"}],"version-history":[{"count":4,"href":"https:\/\/enelyashop.com\/de\/wp-json\/wp\/v2\/product\/21544\/revisions"}],"predecessor-version":[{"id":22437,"href":"https:\/\/enelyashop.com\/de\/wp-json\/wp\/v2\/product\/21544\/revisions\/22437"}],"wp:featuredmedia":[{"embeddable":true,"href":"https:\/\/enelyashop.com\/de\/wp-json\/wp\/v2\/media\/22270"}],"wp:attachment":[{"href":"https:\/\/enelyashop.com\/de\/wp-json\/wp\/v2\/media?parent=21544"}],"wp:term":[{"taxonomy":"product_brand","embeddable":true,"href":"https:\/\/enelyashop.com\/de\/wp-json\/wp\/v2\/product_brand?post=21544"},{"taxonomy":"product_cat","embeddable":true,"href":"https:\/\/enelyashop.com\/de\/wp-json\/wp\/v2\/product_cat?post=21544"},{"taxonomy":"product_tag","embeddable":true,"href":"https:\/\/enelyashop.com\/de\/wp-json\/wp\/v2\/product_tag?post=21544"}],"curies":[{"name":"wp","href":"https:\/\/api.w.org\/{rel}","templated":true}]}}