{"id":20151,"date":"2020-04-27T06:39:53","date_gmt":"2020-04-27T06:39:53","guid":{"rendered":"http:\/\/iva1stg.wpenginepowered.com\/?page_id=20151"},"modified":"2025-01-29T23:34:08","modified_gmt":"2025-01-29T22:34:08","slug":"kontakt-2","status":"publish","type":"page","link":"https:\/\/enelyashop.com\/de\/kontakt-2\/","title":{"rendered":"Kontakt"},"content":{"rendered":"\t\t<div data-elementor-type=\"wp-page\" data-elementor-id=\"20151\" class=\"elementor elementor-20151\" data-elementor-post-type=\"page\">\n\t\t\t\t<div class=\"elementor-element elementor-element-75a6a3a e-con-full e-flex e-con e-parent\" data-id=\"75a6a3a\" data-element_type=\"container\" data-e-type=\"container\" data-settings=\"{&quot;jet_parallax_layout_list&quot;:[]}\">\n\t\t<div class=\"elementor-element elementor-element-2ddd4a4 e-con-full e-flex e-con e-child\" data-id=\"2ddd4a4\" data-element_type=\"container\" data-e-type=\"container\" data-settings=\"{&quot;jet_parallax_layout_list&quot;:[]}\">\n\t\t\t\t<div class=\"elementor-element elementor-element-fc17ece elementor-widget__width-initial elementor-widget elementor-widget-dt-logo\" data-id=\"fc17ece\" data-element_type=\"widget\" data-e-type=\"widget\" data-widget_type=\"dt-logo.default\">\n\t\t\t\t<div class=\"elementor-widget-container\">\n\t\t\t\t\t<div id=\"dt-fc17ece\" class=\"dt-logo-container logo-align-center\">  <a href=\"https:\/\/enelyashop.com\/de\/\" rel=\"home\"><img loading=\"lazy\" decoding=\"async\" width=\"1200\" height=\"1200\" src=\"https:\/\/enelyashop.com\/wp-content\/uploads\/2025\/01\/Adsiz-tasarim-1.png\" class=\"attachment-full size-full\" alt=\"\" srcset=\"https:\/\/enelyashop.com\/wp-content\/uploads\/2025\/01\/Adsiz-tasarim-1.png 1200w, https:\/\/enelyashop.com\/wp-content\/uploads\/2025\/01\/Adsiz-tasarim-1-300x300.png 300w, https:\/\/enelyashop.com\/wp-content\/uploads\/2025\/01\/Adsiz-tasarim-1-1024x1024.png 1024w, https:\/\/enelyashop.com\/wp-content\/uploads\/2025\/01\/Adsiz-tasarim-1-150x150.png 150w, https:\/\/enelyashop.com\/wp-content\/uploads\/2025\/01\/Adsiz-tasarim-1-768x768.png 768w, https:\/\/enelyashop.com\/wp-content\/uploads\/2025\/01\/Adsiz-tasarim-1-12x12.png 12w, https:\/\/enelyashop.com\/wp-content\/uploads\/2025\/01\/Adsiz-tasarim-1-450x450.png 450w, https:\/\/enelyashop.com\/wp-content\/uploads\/2025\/01\/Adsiz-tasarim-1-420x420.png 420w, https:\/\/enelyashop.com\/wp-content\/uploads\/2025\/01\/Adsiz-tasarim-1-750x750.png 750w, https:\/\/enelyashop.com\/wp-content\/uploads\/2025\/01\/Adsiz-tasarim-1-540x540.png 540w, https:\/\/enelyashop.com\/wp-content\/uploads\/2025\/01\/Adsiz-tasarim-1-1000x1000.png 1000w, https:\/\/enelyashop.com\/wp-content\/uploads\/2025\/01\/Adsiz-tasarim-1-100x100.png 100w\" sizes=\"auto, (max-width: 1200px) 100vw, 1200px\" \/><\/a><\/div>\t\t\t\t<\/div>\n\t\t\t\t<\/div>\n\t\t\t\t<\/div>\n\t\t<div class=\"elementor-element elementor-element-620b202 e-con-full e-flex e-con e-child\" data-id=\"620b202\" data-element_type=\"container\" data-e-type=\"container\" data-settings=\"{&quot;jet_parallax_layout_list&quot;:[]}\">\n\t\t\t\t<div class=\"elementor-element elementor-element-55d3823 elementor-widget__width-initial elementor-widget-mobile__width-initial elementor-widget elementor-widget-dt-header-icons\" data-id=\"55d3823\" data-element_type=\"widget\" data-e-type=\"widget\" data-widget_type=\"dt-header-icons.default\">\n\t\t\t\t<div class=\"elementor-widget-container\">\n\t\t\t\t\t<div class=\"dt-sc-header-icons-list \"><div class=\"dt-sc-header-icons-list-item cart-item\"><div class=\"dt-sc-shop-menu-icon\"><a href=\"https:\/\/enelyashop.com\/de\/wagen\/\"><span class=\"dt-sc-shop-menu-icon-wrapper\"><span class=\"dt-sc-shop-menu-cart-inner\"><span class=\"dt-sc-shop-menu-cart-icon\"><\/span><span class=\"dt-sc-shop-menu-cart-number\">0<\/span><\/span><span class=\"dt-sc-shop-menu-cart-totals\"><\/span><\/span><\/a><\/div><\/div><div class=\"dt-sc-header-icons-list-item search-item\"><div class=\"dt-sc-search-menu-icon\"><a href=\"javascript:void(0)\" class=\"dt-sc-search-icon\"><span class=\"fas fa-search\"><\/span><\/a><div class=\"dt-sc-search-form-container\"><form method=\"get\" id=\"searchform\" action=\"https:\/\/enelyashop.com\/de\/\">\n    <input id=\"s\" name=\"s\" type=\"text\" \n         \tvalue=\"Enter Keyword\" class=\"text_input\"\n\t\t    onblur=\"if(this.value==''){this.value='Enter Keyword';}\"\n            onfocus=\"if(this.value =='Enter Keyword') {this.value=''; }\" \/>\n\t<input name=\"submit\" type=\"submit\"  value=\"Go\" \/>\n<\/form><\/div><\/div><\/div><\/div>\t\t\t\t<\/div>\n\t\t\t\t<\/div>\n\t\t\t\t<div class=\"elementor-element elementor-element-ed15969 elementor-align-center elementor-widget__width-inherit elementor-widget elementor-widget-dt-header-menu\" data-id=\"ed15969\" data-element_type=\"widget\" data-e-type=\"widget\" data-widget_type=\"dt-header-menu.default\">\n\t\t\t\t<div class=\"elementor-widget-container\">\n\t\t\t\t\t<div class=\"dt-header-menu\" data-menu=\"26\"><div class=\"menu-container\"><ul id=\"menu-header-menu\" class=\"dt-primary-nav\" data-menu=\"26\"> <li class=\"close-nav\"><\/li> <li id=\"menu-item-156\" class=\"menu-item menu-item-type-custom menu-item-object-custom menu-item-156 menu-item-depth-0\"><a href=\"https:\/\/enelyashop.com\/\"><span>Home<\/span><\/a><\/li>\n<li id=\"menu-item-21603\" class=\"menu-item menu-item-type-taxonomy menu-item-object-product_cat menu-item-has-children menu-item-21603 menu-item-depth-0\"><a href=\"https:\/\/enelyashop.com\/de\/produkt-kategorie\/parfum\/\"><span>Perfumes<\/span><\/a>\n<ul class=\"sub-menu is-hidden \">\n<li class=\"close-nav\"><\/li><li class=\"go-back\"><a href=\"javascript:void(0);\"><\/a><\/li><li class=\"see-all\"><\/li>\t<li id=\"menu-item-22045\" class=\"menu-item menu-item-type-taxonomy menu-item-object-product_cat menu-item-22045 menu-item-depth-1\"><a href=\"https:\/\/enelyashop.com\/de\/produkt-kategorie\/parfum\/frau\/\"><span>Woman<\/span><\/a><\/li>\n\t<li id=\"menu-item-22046\" class=\"menu-item menu-item-type-taxonomy menu-item-object-product_cat menu-item-22046 menu-item-depth-1\"><a href=\"https:\/\/enelyashop.com\/de\/produkt-kategorie\/parfum\/man\/\"><span>Man<\/span><\/a><\/li>\n\t<li id=\"menu-item-22048\" class=\"menu-item menu-item-type-taxonomy menu-item-object-product_cat menu-item-22048 menu-item-depth-1\"><a href=\"https:\/\/enelyashop.com\/de\/produkt-kategorie\/parfum\/unisex\/\"><span>Unisex<\/span><\/a><\/li>\n\t<li id=\"menu-item-22047\" class=\"menu-item menu-item-type-taxonomy menu-item-object-product_cat menu-item-22047 menu-item-depth-1\"><a href=\"https:\/\/enelyashop.com\/de\/produkt-kategorie\/parfum\/luxus\/\"><span>Luxury<\/span><\/a><\/li>\n<\/ul>\n<\/li>\n<li id=\"menu-item-22032\" class=\"menu-item menu-item-type-taxonomy menu-item-object-product_cat menu-item-22032 menu-item-depth-0\"><a href=\"https:\/\/enelyashop.com\/de\/produkt-kategorie\/raumduft-diffusoren\/\"><span>Room Fragrance<\/span><\/a><\/li>\n<li id=\"menu-item-20560\" class=\"menu-item menu-item-type-post_type menu-item-object-page menu-item-20560 menu-item-depth-0\"><a href=\"https:\/\/enelyashop.com\/de\/kontakt-2\/\"><span>Contact<\/span><\/a><\/li>\n <\/ul> <div class=\"sub-menu-overlay\"><\/div><\/div><div class=\"mobile-nav-container mobile-nav-offcanvas-right\" data-menu=\"26\"><div class=\"menu-trigger menu-trigger-icon\" data-menu=\"26\"><i><\/i><span>Menu<\/span><\/div><div class=\"mobile-menu\" data-menu=\"26\"><\/div><div class=\"overlay\"><\/div><\/div><\/div>\t\t\t\t<\/div>\n\t\t\t\t<\/div>\n\t\t\t\t<\/div>\n\t\t\t\t<\/div>\n\t\t\t\t<section class=\"elementor-section elementor-top-section elementor-element elementor-element-bf58b8b dt-section-wrap-col elementor-section-stretched elementor-section-content-middle elementor-section-boxed elementor-section-height-default elementor-section-height-default\" data-id=\"bf58b8b\" data-element_type=\"section\" data-e-type=\"section\" data-settings=\"{&quot;jet_parallax_layout_list&quot;:[{&quot;jet_parallax_layout_image&quot;:{&quot;url&quot;:&quot;&quot;,&quot;id&quot;:&quot;&quot;,&quot;size&quot;:&quot;&quot;},&quot;jet_parallax_layout_image_tablet&quot;:{&quot;url&quot;:&quot;&quot;,&quot;id&quot;:&quot;&quot;,&quot;size&quot;:&quot;&quot;},&quot;jet_parallax_layout_image_mobile&quot;:{&quot;url&quot;:&quot;&quot;,&quot;id&quot;:&quot;&quot;,&quot;size&quot;:&quot;&quot;},&quot;_id&quot;:&quot;e81cced&quot;,&quot;jet_parallax_layout_image_laptop&quot;:{&quot;url&quot;:&quot;&quot;,&quot;id&quot;:&quot;&quot;,&quot;size&quot;:&quot;&quot;},&quot;jet_parallax_layout_image_tablet_extra&quot;:{&quot;url&quot;:&quot;&quot;,&quot;id&quot;:&quot;&quot;,&quot;size&quot;:&quot;&quot;},&quot;jet_parallax_layout_image_mobile_extra&quot;:{&quot;url&quot;:&quot;&quot;,&quot;id&quot;:&quot;&quot;,&quot;size&quot;:&quot;&quot;},&quot;jet_parallax_layout_speed&quot;:{&quot;unit&quot;:&quot;%&quot;,&quot;size&quot;:50,&quot;sizes&quot;:[]},&quot;jet_parallax_layout_type&quot;:&quot;scroll&quot;,&quot;jet_parallax_layout_direction&quot;:null,&quot;jet_parallax_layout_fx_direction&quot;:null,&quot;jet_parallax_layout_z_index&quot;:&quot;&quot;,&quot;jet_parallax_layout_bg_x&quot;:50,&quot;jet_parallax_layout_bg_x_laptop&quot;:&quot;&quot;,&quot;jet_parallax_layout_bg_x_tablet_extra&quot;:&quot;&quot;,&quot;jet_parallax_layout_bg_x_tablet&quot;:&quot;&quot;,&quot;jet_parallax_layout_bg_x_mobile_extra&quot;:&quot;&quot;,&quot;jet_parallax_layout_bg_x_mobile&quot;:&quot;&quot;,&quot;jet_parallax_layout_bg_y&quot;:50,&quot;jet_parallax_layout_bg_y_laptop&quot;:&quot;&quot;,&quot;jet_parallax_layout_bg_y_tablet_extra&quot;:&quot;&quot;,&quot;jet_parallax_layout_bg_y_tablet&quot;:&quot;&quot;,&quot;jet_parallax_layout_bg_y_mobile_extra&quot;:&quot;&quot;,&quot;jet_parallax_layout_bg_y_mobile&quot;:&quot;&quot;,&quot;jet_parallax_layout_bg_size&quot;:&quot;auto&quot;,&quot;jet_parallax_layout_bg_size_laptop&quot;:&quot;&quot;,&quot;jet_parallax_layout_bg_size_tablet_extra&quot;:&quot;&quot;,&quot;jet_parallax_layout_bg_size_tablet&quot;:&quot;&quot;,&quot;jet_parallax_layout_bg_size_mobile_extra&quot;:&quot;&quot;,&quot;jet_parallax_layout_bg_size_mobile&quot;:&quot;&quot;,&quot;jet_parallax_layout_animation_prop&quot;:&quot;transform&quot;,&quot;jet_parallax_layout_on&quot;:[&quot;desktop&quot;,&quot;tablet&quot;]}],&quot;stretch_section&quot;:&quot;section-stretched&quot;,&quot;background_background&quot;:&quot;classic&quot;}\">\n\t\t\t\t\t\t\t<div class=\"elementor-background-overlay\"><\/div>\n\t\t\t\t\t\t\t<div class=\"elementor-container elementor-column-gap-no\">\n\t\t\t\t\t<div class=\"elementor-column elementor-col-100 elementor-top-column elementor-element elementor-element-214bf27 dt-col-sm-12 dt-col-md-12 dt-col-lg-12\" data-id=\"214bf27\" data-element_type=\"column\" data-e-type=\"column\">\n\t\t\t<div class=\"elementor-widget-wrap elementor-element-populated\">\n\t\t\t\t\t\t<section class=\"elementor-section elementor-inner-section elementor-element elementor-element-c9086f1 elementor-section-full_width elementor-section-height-default elementor-section-height-default\" data-id=\"c9086f1\" data-element_type=\"section\" data-e-type=\"section\" data-settings=\"{&quot;jet_parallax_layout_list&quot;:[]}\">\n\t\t\t\t\t\t<div class=\"elementor-container elementor-column-gap-no\">\n\t\t\t\t\t<div class=\"elementor-column elementor-col-100 elementor-inner-column elementor-element elementor-element-c5772cf dt-col-sm-12 dt-col-md-12 dt-col-lg-12\" data-id=\"c5772cf\" data-element_type=\"column\" data-e-type=\"column\">\n\t\t\t<div class=\"elementor-widget-wrap elementor-element-populated\">\n\t\t\t\t\t\t<div class=\"elementor-element elementor-element-34b2c8b dt-custom-floral-decor-title elementor-widget elementor-widget-jet-headline\" data-id=\"34b2c8b\" data-element_type=\"widget\" data-e-type=\"widget\" data-widget_type=\"jet-headline.default\">\n\t\t\t\t<div class=\"elementor-widget-container\">\n\t\t\t\t\t<h2 class=\"jet-headline jet-headline--direction-vertical\"><span class=\"jet-headline__part jet-headline__first\"><span class=\"jet-headline__label\">Keep Connected<\/span><\/span><span class=\"jet-headline__part jet-headline__second\"><span class=\"jet-headline__label\">Get in Touch<\/span><\/span><\/h2>\t\t\t\t<\/div>\n\t\t\t\t<\/div>\n\t\t\t\t\t<\/div>\n\t\t<\/div>\n\t\t\t\t\t<\/div>\n\t\t<\/section>\n\t\t\t\t<section class=\"elementor-section elementor-inner-section elementor-element elementor-element-43d7517 elementor-section-full_width elementor-section-height-default elementor-section-height-default\" data-id=\"43d7517\" data-element_type=\"section\" data-e-type=\"section\" data-settings=\"{&quot;jet_parallax_layout_list&quot;:[]}\">\n\t\t\t\t\t\t<div class=\"elementor-container elementor-column-gap-no\">\n\t\t\t\t\t<div class=\"elementor-column elementor-col-50 elementor-inner-column elementor-element elementor-element-1b7c12a dt-col-sm-12 dt-col-md-3b5 dt-col-lg-3b5\" data-id=\"1b7c12a\" data-element_type=\"column\" data-e-type=\"column\" data-settings=\"{&quot;background_background&quot;:&quot;classic&quot;}\">\n\t\t\t<div class=\"elementor-widget-wrap elementor-element-populated\">\n\t\t\t\t\t\t<div class=\"elementor-element elementor-element-74fc3ad elementor-widget elementor-widget-heading\" data-id=\"74fc3ad\" data-element_type=\"widget\" data-e-type=\"widget\" data-widget_type=\"heading.default\">\n\t\t\t\t\t<h4 class=\"elementor-heading-title elementor-size-default\">Write to us<\/h4>\t\t\t\t<\/div>\n\t\t\t\t<div class=\"elementor-element elementor-element-da3ec56 dt-contact-form-default elementor-widget elementor-widget-contact-form-7\" data-id=\"da3ec56\" data-element_type=\"widget\" data-e-type=\"widget\" data-widget_type=\"contact-form-7.default\">\n\t\t\t\t<div class=\"elementor-widget-container\">\n\t\t\t\t\t<div class=\"elementor-contact-form-7 jet-elements\">\n<div class=\"wpcf7 no-js\" id=\"wpcf7-f20152-o1\" lang=\"en-US\" dir=\"ltr\" data-wpcf7-id=\"20152\">\n<div class=\"screen-reader-response\"><p role=\"status\" aria-live=\"polite\" aria-atomic=\"true\"><\/p> <ul><\/ul><\/div>\n<form action=\"\/de\/wp-json\/wp\/v2\/pages\/20151#wpcf7-f20152-o1\" method=\"post\" class=\"wpcf7-form init demo\" aria-label=\"Contact form\" novalidate=\"novalidate\" data-status=\"init\">\n<fieldset class=\"hidden-fields-container\"><input type=\"hidden\" name=\"_wpcf7\" value=\"20152\" \/><input type=\"hidden\" name=\"_wpcf7_version\" value=\"6.1.5\" \/><input type=\"hidden\" name=\"_wpcf7_locale\" value=\"en_US\" \/><input type=\"hidden\" name=\"_wpcf7_unit_tag\" value=\"wpcf7-f20152-o1\" \/><input type=\"hidden\" name=\"_wpcf7_container_post\" value=\"0\" \/><input type=\"hidden\" name=\"_wpcf7_posted_data_hash\" value=\"\" \/>\n<\/fieldset>\n<p><span class=\"wpcf7-form-control-wrap\" data-name=\"your-name\"><input size=\"40\" maxlength=\"400\" class=\"wpcf7-form-control wpcf7-text wpcf7-validates-as-required\" aria-required=\"true\" aria-invalid=\"false\" placeholder=\"Name\" value=\"\" type=\"text\" name=\"your-name\" \/><\/span><span class=\"wpcf7-form-control-wrap\" data-name=\"your-email\"><input size=\"40\" maxlength=\"400\" class=\"wpcf7-form-control wpcf7-email wpcf7-validates-as-required wpcf7-text wpcf7-validates-as-email\" aria-required=\"true\" aria-invalid=\"false\" placeholder=\"Email\" value=\"\" type=\"email\" name=\"your-email\" \/><\/span><span class=\"wpcf7-form-control-wrap\" data-name=\"your-phone\"><input size=\"40\" maxlength=\"400\" class=\"wpcf7-form-control wpcf7-text\" aria-invalid=\"false\" placeholder=\"Phone\" value=\"\" type=\"text\" name=\"your-phone\" \/><\/span><span class=\"wpcf7-form-control-wrap\" data-name=\"your-message\"><textarea cols=\"40\" rows=\"10\" maxlength=\"2000\" class=\"wpcf7-form-control wpcf7-textarea\" aria-invalid=\"false\" placeholder=\"Message\" name=\"your-message\"><\/textarea><\/span><input class=\"wpcf7-form-control wpcf7-submit has-spinner\" type=\"submit\" value=\"Submit\" \/>\n<\/p><div class=\"wpcf7-response-output\" aria-hidden=\"true\"><\/div>\n<\/form>\n<\/div>\n<\/div>\t\t\t\t<\/div>\n\t\t\t\t<\/div>\n\t\t\t\t\t<\/div>\n\t\t<\/div>\n\t\t\t\t<div class=\"elementor-column elementor-col-50 elementor-inner-column elementor-element elementor-element-780984d dt-col-sm-12 dt-col-md-2b5 dt-col-lg-2b5\" data-id=\"780984d\" data-element_type=\"column\" data-e-type=\"column\">\n\t\t\t<div class=\"elementor-widget-wrap elementor-element-populated\">\n\t\t\t\t\t\t<section class=\"elementor-section elementor-inner-section elementor-element elementor-element-87851e6 dt-skin-tertiary-bg dt-custom-contact-info-wrapper elementor-section-boxed elementor-section-height-default elementor-section-height-default\" data-id=\"87851e6\" data-element_type=\"section\" data-e-type=\"section\" data-settings=\"{&quot;jet_parallax_layout_list&quot;:[{&quot;jet_parallax_layout_image&quot;:{&quot;url&quot;:&quot;&quot;,&quot;id&quot;:&quot;&quot;,&quot;size&quot;:&quot;&quot;},&quot;_id&quot;:&quot;acc4bb4&quot;,&quot;jet_parallax_layout_image_tablet&quot;:{&quot;url&quot;:&quot;&quot;,&quot;id&quot;:&quot;&quot;,&quot;size&quot;:&quot;&quot;},&quot;jet_parallax_layout_image_mobile&quot;:{&quot;url&quot;:&quot;&quot;,&quot;id&quot;:&quot;&quot;,&quot;size&quot;:&quot;&quot;},&quot;jet_parallax_layout_image_laptop&quot;:{&quot;url&quot;:&quot;&quot;,&quot;id&quot;:&quot;&quot;,&quot;size&quot;:&quot;&quot;},&quot;jet_parallax_layout_image_tablet_extra&quot;:{&quot;url&quot;:&quot;&quot;,&quot;id&quot;:&quot;&quot;,&quot;size&quot;:&quot;&quot;},&quot;jet_parallax_layout_image_mobile_extra&quot;:{&quot;url&quot;:&quot;&quot;,&quot;id&quot;:&quot;&quot;,&quot;size&quot;:&quot;&quot;},&quot;jet_parallax_layout_speed&quot;:{&quot;unit&quot;:&quot;%&quot;,&quot;size&quot;:50,&quot;sizes&quot;:[]},&quot;jet_parallax_layout_type&quot;:&quot;scroll&quot;,&quot;jet_parallax_layout_direction&quot;:null,&quot;jet_parallax_layout_fx_direction&quot;:null,&quot;jet_parallax_layout_z_index&quot;:&quot;&quot;,&quot;jet_parallax_layout_bg_x&quot;:50,&quot;jet_parallax_layout_bg_x_laptop&quot;:&quot;&quot;,&quot;jet_parallax_layout_bg_x_tablet_extra&quot;:&quot;&quot;,&quot;jet_parallax_layout_bg_x_tablet&quot;:&quot;&quot;,&quot;jet_parallax_layout_bg_x_mobile_extra&quot;:&quot;&quot;,&quot;jet_parallax_layout_bg_x_mobile&quot;:&quot;&quot;,&quot;jet_parallax_layout_bg_y&quot;:50,&quot;jet_parallax_layout_bg_y_laptop&quot;:&quot;&quot;,&quot;jet_parallax_layout_bg_y_tablet_extra&quot;:&quot;&quot;,&quot;jet_parallax_layout_bg_y_tablet&quot;:&quot;&quot;,&quot;jet_parallax_layout_bg_y_mobile_extra&quot;:&quot;&quot;,&quot;jet_parallax_layout_bg_y_mobile&quot;:&quot;&quot;,&quot;jet_parallax_layout_bg_size&quot;:&quot;auto&quot;,&quot;jet_parallax_layout_bg_size_laptop&quot;:&quot;&quot;,&quot;jet_parallax_layout_bg_size_tablet_extra&quot;:&quot;&quot;,&quot;jet_parallax_layout_bg_size_tablet&quot;:&quot;&quot;,&quot;jet_parallax_layout_bg_size_mobile_extra&quot;:&quot;&quot;,&quot;jet_parallax_layout_bg_size_mobile&quot;:&quot;&quot;,&quot;jet_parallax_layout_animation_prop&quot;:&quot;transform&quot;,&quot;jet_parallax_layout_on&quot;:[&quot;desktop&quot;,&quot;tablet&quot;]}]}\">\n\t\t\t\t\t\t<div class=\"elementor-container elementor-column-gap-default\">\n\t\t\t\t\t<div class=\"elementor-column elementor-col-100 elementor-inner-column elementor-element elementor-element-36e5db9\" data-id=\"36e5db9\" data-element_type=\"column\" data-e-type=\"column\">\n\t\t\t<div class=\"elementor-widget-wrap elementor-element-populated\">\n\t\t\t\t\t\t<div class=\"elementor-element elementor-element-fec2889 elementor-widget elementor-widget-heading\" data-id=\"fec2889\" data-element_type=\"widget\" data-e-type=\"widget\" data-widget_type=\"heading.default\">\n\t\t\t\t\t<h4 class=\"elementor-heading-title elementor-size-default\">Contact Info<\/h4>\t\t\t\t<\/div>\n\t\t\t\t<div class=\"elementor-element elementor-element-6a84454 elementor-widget elementor-widget-text-editor\" data-id=\"6a84454\" data-element_type=\"widget\" data-e-type=\"widget\" data-widget_type=\"text-editor.default\">\n\t\t\t\t\t\t\t\t\t<p>Please feel free to contact us for all your inquiries<\/p>\t\t\t\t\t\t\t\t<\/div>\n\t\t\t\t<div class=\"elementor-element elementor-element-94a4900 elementor-icon-list--layout-traditional elementor-list-item-link-full_width elementor-widget elementor-widget-icon-list\" data-id=\"94a4900\" data-element_type=\"widget\" data-e-type=\"widget\" data-widget_type=\"icon-list.default\">\n\t\t\t\t\t\t\t<ul class=\"elementor-icon-list-items\">\n\t\t\t\t\t\t\t<li class=\"elementor-icon-list-item\">\n\t\t\t\t\t\t\t\t\t\t\t<span class=\"elementor-icon-list-icon\">\n\t\t\t\t\t\t\t<svg aria-hidden=\"true\" class=\"e-font-icon-svg e-fas-map-marker-alt\" viewBox=\"0 0 384 512\" xmlns=\"http:\/\/www.w3.org\/2000\/svg\"><path d=\"M172.268 501.67C26.97 291.031 0 269.413 0 192 0 85.961 85.961 0 192 0s192 85.961 192 192c0 77.413-26.97 99.031-172.268 309.67-9.535 13.774-29.93 13.773-39.464 0zM192 272c44.183 0 80-35.817 80-80s-35.817-80-80-80-80 35.817-80 80 35.817 80 80 80z\"><\/path><\/svg>\t\t\t\t\t\t<\/span>\n\t\t\t\t\t\t\t\t\t\t<span class=\"elementor-icon-list-text\">Basel <br>Switzerland<\/span>\n\t\t\t\t\t\t\t\t\t<\/li>\n\t\t\t\t\t\t\t\t<li class=\"elementor-icon-list-item\">\n\t\t\t\t\t\t\t\t\t\t\t<a href=\"tel:0041%2076%20462%2019%2044\">\n\n\t\t\t\t\t\t\t\t\t\t\t\t<span class=\"elementor-icon-list-icon\">\n\t\t\t\t\t\t\t<svg aria-hidden=\"true\" class=\"e-font-icon-svg e-fas-phone-alt\" viewBox=\"0 0 512 512\" xmlns=\"http:\/\/www.w3.org\/2000\/svg\"><path d=\"M497.39 361.8l-112-48a24 24 0 0 0-28 6.9l-49.6 60.6A370.66 370.66 0 0 1 130.6 204.11l60.6-49.6a23.94 23.94 0 0 0 6.9-28l-48-112A24.16 24.16 0 0 0 122.6.61l-104 24A24 24 0 0 0 0 48c0 256.5 207.9 464 464 464a24 24 0 0 0 23.4-18.6l24-104a24.29 24.29 0 0 0-14.01-27.6z\"><\/path><\/svg>\t\t\t\t\t\t<\/span>\n\t\t\t\t\t\t\t\t\t\t<span class=\"elementor-icon-list-text\">+41 76 462 19 44<\/span>\n\t\t\t\t\t\t\t\t\t\t\t<\/a>\n\t\t\t\t\t\t\t\t\t<\/li>\n\t\t\t\t\t\t\t\t<li class=\"elementor-icon-list-item\">\n\t\t\t\t\t\t\t\t\t\t\t<a href=\"mailto:info@enelyashop.com\">\n\n\t\t\t\t\t\t\t\t\t\t\t\t<span class=\"elementor-icon-list-icon\">\n\t\t\t\t\t\t\t<svg aria-hidden=\"true\" class=\"e-font-icon-svg e-fas-envelope\" viewBox=\"0 0 512 512\" xmlns=\"http:\/\/www.w3.org\/2000\/svg\"><path d=\"M502.3 190.8c3.9-3.1 9.7-.2 9.7 4.7V400c0 26.5-21.5 48-48 48H48c-26.5 0-48-21.5-48-48V195.6c0-5 5.7-7.8 9.7-4.7 22.4 17.4 52.1 39.5 154.1 113.6 21.1 15.4 56.7 47.8 92.2 47.6 35.7.3 72-32.8 92.3-47.6 102-74.1 131.6-96.3 154-113.7zM256 320c23.2.4 56.6-29.2 73.4-41.4 132.7-96.3 142.8-104.7 173.4-128.7 5.8-4.5 9.2-11.5 9.2-18.9v-19c0-26.5-21.5-48-48-48H48C21.5 64 0 85.5 0 112v19c0 7.4 3.4 14.3 9.2 18.9 30.6 23.9 40.7 32.4 173.4 128.7 16.8 12.2 50.2 41.8 73.4 41.4z\"><\/path><\/svg>\t\t\t\t\t\t<\/span>\n\t\t\t\t\t\t\t\t\t\t<span class=\"elementor-icon-list-text\">info@enelyashop.com<\/span>\n\t\t\t\t\t\t\t\t\t\t\t<\/a>\n\t\t\t\t\t\t\t\t\t<\/li>\n\t\t\t\t\t\t<\/ul>\n\t\t\t\t\t\t<\/div>\n\t\t\t\t\t<\/div>\n\t\t<\/div>\n\t\t\t\t\t<\/div>\n\t\t<\/section>\n\t\t\t\t\t<\/div>\n\t\t<\/div>\n\t\t\t\t\t<\/div>\n\t\t<\/section>\n\t\t\t\t\t<\/div>\n\t\t<\/div>\n\t\t\t\t\t<\/div>\n\t\t<\/section>\n\t\t\t\t<\/div>\n\t\t","protected":false},"excerpt":{"rendered":"<p>0 Home Parfums Frau Mann Unisex Luxus Raumd\u00fcfte Kontakt Menu Keep ConnectedGet in Touch Write to us Contact Info Bitte z\u00f6gern Sie nicht, uns f\u00fcr alle Ihre Anfragen zu kontaktieren Basel Schweiz +41 76 462 19 44 info@enelyashop.com<\/p>","protected":false},"author":2,"featured_media":0,"parent":0,"menu_order":0,"comment_status":"closed","ping_status":"closed","template":"","meta":{"_joinchat":[],"footnotes":""},"class_list":["post-20151","page","type-page","status-publish","hentry"],"_links":{"self":[{"href":"https:\/\/enelyashop.com\/de\/wp-json\/wp\/v2\/pages\/20151","targetHints":{"allow":["GET"]}}],"collection":[{"href":"https:\/\/enelyashop.com\/de\/wp-json\/wp\/v2\/pages"}],"about":[{"href":"https:\/\/enelyashop.com\/de\/wp-json\/wp\/v2\/types\/page"}],"author":[{"embeddable":true,"href":"https:\/\/enelyashop.com\/de\/wp-json\/wp\/v2\/users\/2"}],"replies":[{"embeddable":true,"href":"https:\/\/enelyashop.com\/de\/wp-json\/wp\/v2\/comments?post=20151"}],"version-history":[{"count":69,"href":"https:\/\/enelyashop.com\/de\/wp-json\/wp\/v2\/pages\/20151\/revisions"}],"predecessor-version":[{"id":23462,"href":"https:\/\/enelyashop.com\/de\/wp-json\/wp\/v2\/pages\/20151\/revisions\/23462"}],"wp:attachment":[{"href":"https:\/\/enelyashop.com\/de\/wp-json\/wp\/v2\/media?parent=20151"}],"curies":[{"name":"wp","href":"https:\/\/api.w.org\/{rel}","templated":true}]}}